{"id":1103,"date":"2017-05-17T14:03:59","date_gmt":"2017-05-17T12:03:59","guid":{"rendered":"https:\/\/www.malaya-balikbayan.de\/kontakt\/"},"modified":"2025-06-12T13:19:16","modified_gmt":"2025-06-12T11:19:16","slug":"kontakt","status":"publish","type":"page","link":"https:\/\/www.malaya-balikbayan.de\/en\/kontakt\/","title":{"rendered":"Contact"},"content":{"rendered":"\n<style type=\"text\/css\" data-created_by=\"avia_inline_auto\" id=\"style-css-av-av_three_fifth-6126cab7d8fab8d08143dd2dacdf673c\">\n.flex_column.av-av_three_fifth-6126cab7d8fab8d08143dd2dacdf673c{\nborder-radius:0px 0px 0px 0px;\npadding:0px 0px 0px 0px;\n}\n<\/style>\n<div  class='flex_column av-av_three_fifth-6126cab7d8fab8d08143dd2dacdf673c av_three_fifth  avia-builder-el-0  el_before_av_two_fifth  avia-builder-el-first  first flex_column_div av-zero-column-padding  '     ><form action=\"https:\/\/www.malaya-balikbayan.de\/en\/kontakt\/\" method=\"post\" data-fields-with-error=\"Found errors in the following field(s):\" class=\"avia_ajax_form av-form-labels-hidden   avia-builder-el-1  avia-builder-el-no-sibling   \" data-avia-form-id=\"1\" data-avia-redirect='' ><h3 class=''>Feel free to send us a message!<\/h3><fieldset><p class='  first_form  form_element form_element_half' id='element_avia_1_1'><label for=\"avia_1_1\">First Name <abbr class=\"required\" title=\"required\">*<\/abbr><\/label> <input name=\"avia_1_1\" class=\"text_input is_empty\" type=\"text\" id=\"avia_1_1\" value=\"\"  placeholder='First Name*'\/><\/p><p class='  form_element form_element_half' id='element_avia_2_1'><label for=\"avia_2_1\">Last Name <abbr class=\"required\" title=\"required\">*<\/abbr><\/label> <input name=\"avia_2_1\" class=\"text_input is_empty\" type=\"text\" id=\"avia_2_1\" value=\"\"  placeholder='Last Name*'\/><\/p><p class='  first_form  form_element form_fullwidth' id='element_avia_3_1'><label for=\"avia_3_1\">Street and No.<\/label> <input name=\"avia_3_1\" class=\"text_input \" type=\"text\" id=\"avia_3_1\" value=\"\"  placeholder='Street and No.'\/><\/p><p class='  first_form  form_element form_element_half' id='element_avia_4_1'><label for=\"avia_4_1\">ZIP Code<\/label> <input name=\"avia_4_1\" class=\"text_input \" type=\"text\" id=\"avia_4_1\" value=\"\"  placeholder='ZIP Code'\/><\/p><p class='  form_element form_element_half' id='element_avia_5_1'><label for=\"avia_5_1\">Location<\/label> <input name=\"avia_5_1\" class=\"text_input \" type=\"text\" id=\"avia_5_1\" value=\"\"  placeholder='Location'\/><\/p><p class='  first_form  form_element form_fullwidth' id='element_avia_6_1'><label for=\"avia_6_1\">Phone<\/label> <input name=\"avia_6_1\" class=\"text_input \" type=\"text\" id=\"avia_6_1\" value=\"\"  placeholder='Phone'\/><\/p><p class='  first_form  form_element form_fullwidth' id='element_avia_7_1'><label for=\"avia_7_1\">E-Mail <abbr class=\"required\" title=\"required\">*<\/abbr><\/label> <input name=\"avia_7_1\" class=\"text_input is_email\" type=\"text\" id=\"avia_7_1\" value=\"\"  placeholder='E-Mail*'\/><\/p><p class='  first_form  form_element form_fullwidth' id='element_avia_8_1'><label for=\"avia_8_1\" class=\"textare_label hidden textare_label_avia_8_1\">Message <abbr class=\"required\" title=\"required\">*<\/abbr><\/label><textarea  placeholder='Message*' name=\"avia_8_1\" class=\"text_area is_empty\" cols=\"40\" rows=\"7\" id=\"avia_8_1\" ><\/textarea><\/p><p class='  first_form  form_element form_fullwidth' id='element_avia_9_1'><input  name=\"avia_9_1\" class=\"input_checkbox is_empty\" type=\"checkbox\" id=\"avia_9_1\" value=\"true\"\/><label class=\"input_checkbox_label\" for=\"avia_9_1\">I agree that my contact details and assignment details will be stored permanently for any queries. Note: You can revoke this consent at any time by sending a message to us. In case of cancellation your data will be deleted immediately. For more information, see the <a href=\"https:\/\/www.malaya-balikbayan.de\/en\/datenschutzerklarung\/?lang=en\"> Privacy Policy <\/a>. <abbr class=\"required\" title=\"required\">*<\/abbr><\/label><\/p><p class=\"hidden\"><input type=\"text\" name=\"avia_10_1\" class=\"hidden \" id=\"avia_10_1\" value=\"\" \/><\/p><p class='   form_element form_fullwidth' id='element_avia_11_1'><span class='value_verifier_label'>0 + 3 = ?<\/span><input name=\"avia_11_1_verifier\" type=\"hidden\" id=\"avia_11_1_verifier\" value=\"465453437\"\/><label for=\"avia_11_1\">Please prove that you are human by solving the equation <abbr class=\"required\" title=\"required\">*<\/abbr><\/label><input name=\"avia_11_1\" class=\"text_input captcha\" type=\"text\" id=\"avia_11_1\" value=\"\"\/><\/p><p class=\"form_element \"><input type=\"hidden\" value=\"1\" name=\"avia_generated_form1\" \/><input type=\"submit\" value=\"Send\" class=\"button\"  data-sending-label=\"Sending\"\/><\/p><\/fieldset><\/form><div id=\"ajaxresponse_1\" class=\"ajaxresponse ajaxresponse_1 hidden\"><\/div><\/div>\n\n<style type=\"text\/css\" data-created_by=\"avia_inline_auto\" id=\"style-css-av-av_two_fifth-0aa7055fe62c3622faec82866afbaeb2\">\n.flex_column.av-av_two_fifth-0aa7055fe62c3622faec82866afbaeb2{\nborder-radius:0px 0px 0px 0px;\npadding:0px 0px 0px 0px;\n}\n<\/style>\n<div  class='flex_column av-av_two_fifth-0aa7055fe62c3622faec82866afbaeb2 av_two_fifth  avia-builder-el-2  el_after_av_three_fifth  avia-builder-el-last  flex_column_div av-zero-column-padding  '     ><p>\n<style type=\"text\/css\" data-created_by=\"avia_inline_auto\" id=\"style-css-av-av_hr-0b98b5e01bd3e8de9bf418e2f61873ba\">\n#top .hr.hr-invisible.av-av_hr-0b98b5e01bd3e8de9bf418e2f61873ba{\nheight:10px;\n}\n<\/style>\n<div  class='hr av-av_hr-0b98b5e01bd3e8de9bf418e2f61873ba hr-invisible  avia-builder-el-3  el_before_av_iconlist  avia-builder-el-first '><span class='hr-inner '><span class=\"hr-inner-style\"><\/span><\/span><\/div><br \/>\n<div  class='avia-icon-list-container av-ldixsh8j-eb4a56df9c75db1eeaa7f74550e833eb  avia-builder-el-4  el_after_av_hr  avia-builder-el-last '><ul class='avia-icon-list avia_animate_when_almost_visible avia-icon-list-left av-iconlist-big av-ldixsh8j-eb4a56df9c75db1eeaa7f74550e833eb avia-iconlist-animate'>\n<li><div class='iconlist_icon av-av_iconlist_item-f75950bde93f2102e2daafb73da232d6 avia-font-entypo-fontello avia-iconfont avia-font-entypo-fontello'><span class='av-icon-char' data-av_icon='\ue80a' data-av_iconfont='entypo-fontello' aria-hidden=\"true\"><\/span><\/div><article class=\"article-icon-entry \"  itemscope=\"itemscope\" itemtype=\"https:\/\/schema.org\/CreativeWork\" ><div class=\"iconlist_content_wrap\"><header class=\"entry-content-header\" aria-label=\"Icon: Contact Person:\"><h4 class='av_iconlist_title iconlist_title  '  itemprop=\"headline\" >Contact Person:<\/h4><\/header><div class='iconlist_content '  itemprop=\"text\" ><p><strong>Duchil Malaya<\/strong><\/p>\n<\/div><\/div><footer class=\"entry-footer\"><\/footer><\/article><div class=\"iconlist-timeline\"><\/div><\/li>\n<li><div class='iconlist_icon av-mbtad9md-2a4061ca13db7579f3afeaeb92935d83 avia-font-entypo-fontello avia-iconfont avia-font-entypo-fontello'><span class='av-icon-char' data-av_icon='\ue842' data-av_iconfont='entypo-fontello' aria-hidden=\"true\"><\/span><\/div><article class=\"article-icon-entry \"  itemscope=\"itemscope\" itemtype=\"https:\/\/schema.org\/CreativeWork\" ><div class=\"iconlist_content_wrap\"><header class=\"entry-content-header\" aria-label=\"Icon: Address:\"><h4 class='av_iconlist_title iconlist_title  '  itemprop=\"headline\" >Address:<\/h4><\/header><div class='iconlist_content '  itemprop=\"text\" ><p><strong>Eisackstr. 20<br \/>\n86165 Augsburg<br \/>\nGermany<\/strong><\/p>\n<\/div><\/div><footer class=\"entry-footer\"><\/footer><\/article><div class=\"iconlist-timeline\"><\/div><\/li>\n<li><div class='iconlist_icon av-mbtacmyq-3a16f9448f6c7b1c29e3dbedf2353583 avia-font-entypo-fontello avia-iconfont avia-font-entypo-fontello'><span class='av-icon-char' data-av_icon='\ue854' data-av_iconfont='entypo-fontello' aria-hidden=\"true\"><\/span><\/div><article class=\"article-icon-entry \"  itemscope=\"itemscope\" itemtype=\"https:\/\/schema.org\/CreativeWork\" ><div class=\"iconlist_content_wrap\"><header class=\"entry-content-header\" aria-label=\"Icon: PHONE GERMANY:\"><h4 class='av_iconlist_title iconlist_title  '  itemprop=\"headline\" >PHONE GERMANY:<\/h4><\/header><div class='iconlist_content '  itemprop=\"text\" ><p><strong><a href=\"tel:00491792986691\">+49 (0)179 2986691<\/a><br \/>\n<\/strong><\/p>\n<\/div><\/div><footer class=\"entry-footer\"><\/footer><\/article><div class=\"iconlist-timeline\"><\/div><\/li>\n<li><div class='iconlist_icon av-mbtacyn0-317cc012e1b2458d44dbe323db100556 avia-font-entypo-fontello avia-iconfont avia-font-entypo-fontello'><span class='av-icon-char' data-av_icon='\ue854' data-av_iconfont='entypo-fontello' aria-hidden=\"true\"><\/span><\/div><article class=\"article-icon-entry \"  itemscope=\"itemscope\" itemtype=\"https:\/\/schema.org\/CreativeWork\" ><div class=\"iconlist_content_wrap\"><header class=\"entry-content-header\" aria-label=\"Icon: PHONE AUSTRIA:\"><h4 class='av_iconlist_title iconlist_title  '  itemprop=\"headline\" >PHONE AUSTRIA:<\/h4><\/header><div class='iconlist_content '  itemprop=\"text\" ><p><a href=\"tel:00436703578244\"><strong>+43 (0)670 357 824 4<\/strong><\/a><\/p>\n<\/div><\/div><footer class=\"entry-footer\"><\/footer><\/article><div class=\"iconlist-timeline\"><\/div><\/li>\n<li><div class='iconlist_icon av-av_iconlist_item-32a4c1de5de02971a0742712ee525175 avia-font-entypo-fontello avia-iconfont avia-font-entypo-fontello'><span class='av-icon-char' data-av_icon='\ue805' data-av_iconfont='entypo-fontello' aria-hidden=\"true\"><\/span><\/div><article class=\"article-icon-entry \"  itemscope=\"itemscope\" itemtype=\"https:\/\/schema.org\/CreativeWork\" ><div class=\"iconlist_content_wrap\"><header class=\"entry-content-header\" aria-label=\"Icon: E-MAIL:\"><h4 class='av_iconlist_title iconlist_title  '  itemprop=\"headline\" >E-MAIL:<\/h4><\/header><div class='iconlist_content '  itemprop=\"text\" ><p><a href=\"&#109;&#x61;&#x69;&#108;&#x74;&#x6f;:&#x6d;&#x61;l&#97;&#x79;a&#46;&#x62;a&#108;&#x69;k&#98;&#x61;y&#97;&#x6e;&#x40;&#103;&#x6d;&#x78;&#46;&#x63;&#x6f;m\"><strong>&#x6d;&#x61;&#x6c;&#97;&#121;&#97;&#46;b&#x61;&#x6c;&#x69;&#x6b;&#98;&#97;ya&#x6e;&#x40;&#x67;&#x6d;&#120;&#46;co&#x6d;<\/strong><\/a><\/p>\n<\/div><\/div><footer class=\"entry-footer\"><\/footer><\/article><div class=\"iconlist-timeline\"><\/div><\/li>\n<\/ul><\/div><\/p><\/div>\n<div class=\"shariff shariff-align-flex-start shariff-widget-align-flex-start\"><ul class=\"shariff-buttons theme-round orientation-horizontal buttonsize-medium\"><li class=\"shariff-button facebook shariff-nocustomcolor\" style=\"background-color:#4273c8\"><a href=\"https:\/\/www.facebook.com\/sharer\/sharer.php?u=https%3A%2F%2Fwww.malaya-balikbayan.de%2Fen%2Fkontakt%2F\" title=\"Bei Facebook teilen\" aria-label=\"Bei Facebook teilen\" role=\"button\" rel=\"nofollow\" class=\"shariff-link\" style=\"; background-color:#3b5998; color:#fff\" target=\"_blank\"><span class=\"shariff-icon\" style=\"\"><svg width=\"32px\" height=\"20px\" xmlns=\"http:\/\/www.w3.org\/2000\/svg\" viewBox=\"0 0 18 32\"><path fill=\"#3b5998\" d=\"M17.1 0.2v4.7h-2.8q-1.5 0-2.1 0.6t-0.5 1.9v3.4h5.2l-0.7 5.3h-4.5v13.6h-5.5v-13.6h-4.5v-5.3h4.5v-3.9q0-3.3 1.9-5.2t5-1.8q2.6 0 4.1 0.2z\"\/><\/svg><\/span><\/a><\/li><li class=\"shariff-button twitter shariff-nocustomcolor\" style=\"background-color:#595959\"><a href=\"https:\/\/twitter.com\/share?url=https%3A%2F%2Fwww.malaya-balikbayan.de%2Fen%2Fkontakt%2F&text=Contact\" title=\"Bei X teilen\" aria-label=\"Bei X teilen\" role=\"button\" rel=\"noopener nofollow\" class=\"shariff-link\" style=\"; background-color:#000; color:#fff\" target=\"_blank\"><span class=\"shariff-icon\" style=\"\"><svg width=\"32px\" height=\"20px\" xmlns=\"http:\/\/www.w3.org\/2000\/svg\" viewBox=\"0 0 24 24\"><path fill=\"#000\" d=\"M14.258 10.152L23.176 0h-2.113l-7.747 8.813L7.133 0H0l9.352 13.328L0 23.973h2.113l8.176-9.309 6.531 9.309h7.133zm-2.895 3.293l-.949-1.328L2.875 1.56h3.246l6.086 8.523.945 1.328 7.91 11.078h-3.246zm0 0\"\/><\/svg><\/span><\/a><\/li><li class=\"shariff-button whatsapp shariff-nocustomcolor\" style=\"background-color:#5cbe4a\"><a href=\"https:\/\/api.whatsapp.com\/send?text=https%3A%2F%2Fwww.malaya-balikbayan.de%2Fen%2Fkontakt%2F%20Contact\" title=\"Bei Whatsapp teilen\" aria-label=\"Bei Whatsapp teilen\" role=\"button\" rel=\"noopener nofollow\" class=\"shariff-link\" style=\"; background-color:#34af23; color:#fff\" target=\"_blank\"><span class=\"shariff-icon\" style=\"\"><svg width=\"32px\" height=\"20px\" xmlns=\"http:\/\/www.w3.org\/2000\/svg\" viewBox=\"0 0 32 32\"><path fill=\"#34af23\" d=\"M17.6 17.4q0.2 0 1.7 0.8t1.6 0.9q0 0.1 0 0.3 0 0.6-0.3 1.4-0.3 0.7-1.3 1.2t-1.8 0.5q-1 0-3.4-1.1-1.7-0.8-3-2.1t-2.6-3.3q-1.3-1.9-1.3-3.5v-0.1q0.1-1.6 1.3-2.8 0.4-0.4 0.9-0.4 0.1 0 0.3 0t0.3 0q0.3 0 0.5 0.1t0.3 0.5q0.1 0.4 0.6 1.6t0.4 1.3q0 0.4-0.6 1t-0.6 0.8q0 0.1 0.1 0.3 0.6 1.3 1.8 2.4 1 0.9 2.7 1.8 0.2 0.1 0.4 0.1 0.3 0 1-0.9t0.9-0.9zM14 26.9q2.3 0 4.3-0.9t3.6-2.4 2.4-3.6 0.9-4.3-0.9-4.3-2.4-3.6-3.6-2.4-4.3-0.9-4.3 0.9-3.6 2.4-2.4 3.6-0.9 4.3q0 3.6 2.1 6.6l-1.4 4.2 4.3-1.4q2.8 1.9 6.2 1.9zM14 2.2q2.7 0 5.2 1.1t4.3 2.9 2.9 4.3 1.1 5.2-1.1 5.2-2.9 4.3-4.3 2.9-5.2 1.1q-3.5 0-6.5-1.7l-7.4 2.4 2.4-7.2q-1.9-3.2-1.9-6.9 0-2.7 1.1-5.2t2.9-4.3 4.3-2.9 5.2-1.1z\"\/><\/svg><\/span><\/a><\/li><\/ul><\/div>","protected":false},"excerpt":{"rendered":"","protected":false},"author":1,"featured_media":0,"parent":0,"menu_order":4,"comment_status":"closed","ping_status":"closed","template":"","meta":{"footnotes":""},"class_list":["post-1103","page","type-page","status-publish","hentry"],"yoast_head":"<!-- This site is optimized with the Yoast SEO plugin v27.3 - https:\/\/yoast.com\/product\/yoast-seo-wordpress\/ -->\n<title>Contact - Malaya Balikbayan<\/title>\n<meta name=\"description\" content=\"Wir holen ihre Balikbayan Pakete zwischen Wien und Hamburg pers\u00f6nlich ab und bringen es sicher und zuverl\u00e4ssig an jedem Ort auf die Philippinen zu Ihren Liebsten nach Hause.\" \/>\n<meta name=\"robots\" content=\"index, follow, max-snippet:-1, max-image-preview:large, max-video-preview:-1\" \/>\n<link rel=\"canonical\" href=\"https:\/\/www.malaya-balikbayan.de\/en\/kontakt\/\" \/>\n<meta property=\"og:locale\" content=\"en_US\" \/>\n<meta property=\"og:type\" content=\"article\" \/>\n<meta property=\"og:title\" content=\"Contact - Malaya Balikbayan\" \/>\n<meta property=\"og:description\" content=\"Wir holen ihre Balikbayan Pakete zwischen Wien und Hamburg pers\u00f6nlich ab und bringen es sicher und zuverl\u00e4ssig an jedem Ort auf die Philippinen zu Ihren Liebsten nach Hause.\" \/>\n<meta property=\"og:url\" content=\"https:\/\/www.malaya-balikbayan.de\/en\/kontakt\/\" \/>\n<meta property=\"og:site_name\" content=\"Malaya Balikbayan\" \/>\n<meta property=\"article:publisher\" content=\"https:\/\/www.facebook.com\/malayabalikbayan\" \/>\n<meta property=\"article:modified_time\" content=\"2025-06-12T11:19:16+00:00\" \/>\n<meta name=\"twitter:card\" content=\"summary_large_image\" \/>\n<meta name=\"twitter:label1\" content=\"Est. reading time\" \/>\n\t<meta name=\"twitter:data1\" content=\"1 minute\" \/>\n<script type=\"application\/ld+json\" class=\"yoast-schema-graph\">{\"@context\":\"https:\\\/\\\/schema.org\",\"@graph\":[{\"@type\":\"WebPage\",\"@id\":\"https:\\\/\\\/www.malaya-balikbayan.de\\\/en\\\/kontakt\\\/\",\"url\":\"https:\\\/\\\/www.malaya-balikbayan.de\\\/en\\\/kontakt\\\/\",\"name\":\"Contact - Malaya Balikbayan\",\"isPartOf\":{\"@id\":\"https:\\\/\\\/www.malaya-balikbayan.de\\\/en\\\/#website\"},\"datePublished\":\"2017-05-17T12:03:59+00:00\",\"dateModified\":\"2025-06-12T11:19:16+00:00\",\"description\":\"Wir holen ihre Balikbayan Pakete zwischen Wien und Hamburg pers\u00f6nlich ab und bringen es sicher und zuverl\u00e4ssig an jedem Ort auf die Philippinen zu Ihren Liebsten nach Hause.\",\"breadcrumb\":{\"@id\":\"https:\\\/\\\/www.malaya-balikbayan.de\\\/en\\\/kontakt\\\/#breadcrumb\"},\"inLanguage\":\"en-US\",\"potentialAction\":[{\"@type\":\"ReadAction\",\"target\":[\"https:\\\/\\\/www.malaya-balikbayan.de\\\/en\\\/kontakt\\\/\"]}]},{\"@type\":\"BreadcrumbList\",\"@id\":\"https:\\\/\\\/www.malaya-balikbayan.de\\\/en\\\/kontakt\\\/#breadcrumb\",\"itemListElement\":[{\"@type\":\"ListItem\",\"position\":1,\"name\":\"Home\",\"item\":\"https:\\\/\\\/www.malaya-balikbayan.de\\\/en\\\/\"},{\"@type\":\"ListItem\",\"position\":2,\"name\":\"Contact\"}]},{\"@type\":\"WebSite\",\"@id\":\"https:\\\/\\\/www.malaya-balikbayan.de\\\/en\\\/#website\",\"url\":\"https:\\\/\\\/www.malaya-balikbayan.de\\\/en\\\/\",\"name\":\"Malaya Balikbayan\",\"description\":\"ihr zuverl\u00e4ssiger &quot;T\u00fcr zu T\u00fcr&quot; Balikbayan Versand Service!\",\"publisher\":{\"@id\":\"https:\\\/\\\/www.malaya-balikbayan.de\\\/en\\\/#organization\"},\"potentialAction\":[{\"@type\":\"SearchAction\",\"target\":{\"@type\":\"EntryPoint\",\"urlTemplate\":\"https:\\\/\\\/www.malaya-balikbayan.de\\\/en\\\/?s={search_term_string}\"},\"query-input\":{\"@type\":\"PropertyValueSpecification\",\"valueRequired\":true,\"valueName\":\"search_term_string\"}}],\"inLanguage\":\"en-US\"},{\"@type\":\"Organization\",\"@id\":\"https:\\\/\\\/www.malaya-balikbayan.de\\\/en\\\/#organization\",\"name\":\"Malaya Balikbayan\",\"url\":\"https:\\\/\\\/www.malaya-balikbayan.de\\\/en\\\/\",\"logo\":{\"@type\":\"ImageObject\",\"inLanguage\":\"en-US\",\"@id\":\"https:\\\/\\\/www.malaya-balikbayan.de\\\/en\\\/#\\\/schema\\\/logo\\\/image\\\/\",\"url\":\"https:\\\/\\\/www.malaya-balikbayan.de\\\/wp-content\\\/uploads\\\/2017\\\/06\\\/Malaya-Balikbayan-logo.png\",\"contentUrl\":\"https:\\\/\\\/www.malaya-balikbayan.de\\\/wp-content\\\/uploads\\\/2017\\\/06\\\/Malaya-Balikbayan-logo.png\",\"width\":477,\"height\":90,\"caption\":\"Malaya Balikbayan\"},\"image\":{\"@id\":\"https:\\\/\\\/www.malaya-balikbayan.de\\\/en\\\/#\\\/schema\\\/logo\\\/image\\\/\"},\"sameAs\":[\"https:\\\/\\\/www.facebook.com\\\/malayabalikbayan\"]}]}<\/script>\n<!-- \/ Yoast SEO plugin. -->","yoast_head_json":{"title":"Contact - Malaya Balikbayan","description":"Wir holen ihre Balikbayan Pakete zwischen Wien und Hamburg pers\u00f6nlich ab und bringen es sicher und zuverl\u00e4ssig an jedem Ort auf die Philippinen zu Ihren Liebsten nach Hause.","robots":{"index":"index","follow":"follow","max-snippet":"max-snippet:-1","max-image-preview":"max-image-preview:large","max-video-preview":"max-video-preview:-1"},"canonical":"https:\/\/www.malaya-balikbayan.de\/en\/kontakt\/","og_locale":"en_US","og_type":"article","og_title":"Contact - Malaya Balikbayan","og_description":"Wir holen ihre Balikbayan Pakete zwischen Wien und Hamburg pers\u00f6nlich ab und bringen es sicher und zuverl\u00e4ssig an jedem Ort auf die Philippinen zu Ihren Liebsten nach Hause.","og_url":"https:\/\/www.malaya-balikbayan.de\/en\/kontakt\/","og_site_name":"Malaya Balikbayan","article_publisher":"https:\/\/www.facebook.com\/malayabalikbayan","article_modified_time":"2025-06-12T11:19:16+00:00","twitter_card":"summary_large_image","twitter_misc":{"Est. reading time":"1 minute"},"schema":{"@context":"https:\/\/schema.org","@graph":[{"@type":"WebPage","@id":"https:\/\/www.malaya-balikbayan.de\/en\/kontakt\/","url":"https:\/\/www.malaya-balikbayan.de\/en\/kontakt\/","name":"Contact - Malaya Balikbayan","isPartOf":{"@id":"https:\/\/www.malaya-balikbayan.de\/en\/#website"},"datePublished":"2017-05-17T12:03:59+00:00","dateModified":"2025-06-12T11:19:16+00:00","description":"Wir holen ihre Balikbayan Pakete zwischen Wien und Hamburg pers\u00f6nlich ab und bringen es sicher und zuverl\u00e4ssig an jedem Ort auf die Philippinen zu Ihren Liebsten nach Hause.","breadcrumb":{"@id":"https:\/\/www.malaya-balikbayan.de\/en\/kontakt\/#breadcrumb"},"inLanguage":"en-US","potentialAction":[{"@type":"ReadAction","target":["https:\/\/www.malaya-balikbayan.de\/en\/kontakt\/"]}]},{"@type":"BreadcrumbList","@id":"https:\/\/www.malaya-balikbayan.de\/en\/kontakt\/#breadcrumb","itemListElement":[{"@type":"ListItem","position":1,"name":"Home","item":"https:\/\/www.malaya-balikbayan.de\/en\/"},{"@type":"ListItem","position":2,"name":"Contact"}]},{"@type":"WebSite","@id":"https:\/\/www.malaya-balikbayan.de\/en\/#website","url":"https:\/\/www.malaya-balikbayan.de\/en\/","name":"Malaya Balikbayan","description":"ihr zuverl\u00e4ssiger &quot;T\u00fcr zu T\u00fcr&quot; Balikbayan Versand Service!","publisher":{"@id":"https:\/\/www.malaya-balikbayan.de\/en\/#organization"},"potentialAction":[{"@type":"SearchAction","target":{"@type":"EntryPoint","urlTemplate":"https:\/\/www.malaya-balikbayan.de\/en\/?s={search_term_string}"},"query-input":{"@type":"PropertyValueSpecification","valueRequired":true,"valueName":"search_term_string"}}],"inLanguage":"en-US"},{"@type":"Organization","@id":"https:\/\/www.malaya-balikbayan.de\/en\/#organization","name":"Malaya Balikbayan","url":"https:\/\/www.malaya-balikbayan.de\/en\/","logo":{"@type":"ImageObject","inLanguage":"en-US","@id":"https:\/\/www.malaya-balikbayan.de\/en\/#\/schema\/logo\/image\/","url":"https:\/\/www.malaya-balikbayan.de\/wp-content\/uploads\/2017\/06\/Malaya-Balikbayan-logo.png","contentUrl":"https:\/\/www.malaya-balikbayan.de\/wp-content\/uploads\/2017\/06\/Malaya-Balikbayan-logo.png","width":477,"height":90,"caption":"Malaya Balikbayan"},"image":{"@id":"https:\/\/www.malaya-balikbayan.de\/en\/#\/schema\/logo\/image\/"},"sameAs":["https:\/\/www.facebook.com\/malayabalikbayan"]}]}},"_links":{"self":[{"href":"https:\/\/www.malaya-balikbayan.de\/en\/wp-json\/wp\/v2\/pages\/1103","targetHints":{"allow":["GET"]}}],"collection":[{"href":"https:\/\/www.malaya-balikbayan.de\/en\/wp-json\/wp\/v2\/pages"}],"about":[{"href":"https:\/\/www.malaya-balikbayan.de\/en\/wp-json\/wp\/v2\/types\/page"}],"author":[{"embeddable":true,"href":"https:\/\/www.malaya-balikbayan.de\/en\/wp-json\/wp\/v2\/users\/1"}],"replies":[{"embeddable":true,"href":"https:\/\/www.malaya-balikbayan.de\/en\/wp-json\/wp\/v2\/comments?post=1103"}],"version-history":[{"count":7,"href":"https:\/\/www.malaya-balikbayan.de\/en\/wp-json\/wp\/v2\/pages\/1103\/revisions"}],"predecessor-version":[{"id":1831,"href":"https:\/\/www.malaya-balikbayan.de\/en\/wp-json\/wp\/v2\/pages\/1103\/revisions\/1831"}],"wp:attachment":[{"href":"https:\/\/www.malaya-balikbayan.de\/en\/wp-json\/wp\/v2\/media?parent=1103"}],"curies":[{"name":"wp","href":"https:\/\/api.w.org\/{rel}","templated":true}]}}