{"id":1121,"date":"2017-05-10T14:30:13","date_gmt":"2017-05-10T12:30:13","guid":{"rendered":"https:\/\/www.malaya-balikbayan.de\/informationen-formulare\/"},"modified":"2020-08-19T14:46:56","modified_gmt":"2020-08-19T12:46:56","slug":"informationen-formulare","status":"publish","type":"page","link":"https:\/\/www.malaya-balikbayan.de\/en\/informationen-formulare\/","title":{"rendered":"Information &#038; Forms"},"content":{"rendered":"<div id='av_section_1'  class='avia-section av-av_section-31779286dc2676a8567fef3678c764df main_color avia-section-default avia-no-shadow  avia-builder-el-0  el_before_av_heading  avia-builder-el-first  avia-bg-style-scroll container_wrap fullsize'  ><div class='container av-section-cont-open' ><main  role=\"main\" itemprop=\"mainContentOfPage\"  class='template-page content  av-content-full alpha units'><div class='post-entry post-entry-type-page post-entry-1121'><div class='entry-content-wrapper clearfix'>\n\n<style type=\"text\/css\" data-created_by=\"avia_inline_auto\" id=\"style-css-av-av_heading-6a10bd17677cec5b93ba39b4d233c915\">\n#top .av-special-heading.av-av_heading-6a10bd17677cec5b93ba39b4d233c915{\npadding-bottom:15px;\n}\nbody .av-special-heading.av-av_heading-6a10bd17677cec5b93ba39b4d233c915 .av-special-heading-tag .heading-char{\nfont-size:25px;\n}\n.av-special-heading.av-av_heading-6a10bd17677cec5b93ba39b4d233c915 .av-subheading{\nfont-size:15px;\n}\n<\/style>\n<div  class='av-special-heading av-av_heading-6a10bd17677cec5b93ba39b4d233c915 av-special-heading-h3 blockquote modern-quote  avia-builder-el-1  el_before_av_hr  avia-builder-el-first '><h3 class='av-special-heading-tag '  itemprop=\"headline\"  >Information <span class='special_amp'>&amp;<\/span> Forms<\/h3><div class=\"special-heading-border\"><div class=\"special-heading-inner-border\"><\/div><\/div><\/div>\n<div  class='hr av-av_hr-0a43993582bd600f99dfd737f4f3c790 hr-default  avia-builder-el-2  el_after_av_heading  el_before_av_one_third '><span class='hr-inner '><span class=\"hr-inner-style\"><\/span><\/span><\/div>\n\n<style type=\"text\/css\" data-created_by=\"avia_inline_auto\" id=\"style-css-av-av_one_third-6126cab7d8fab8d08143dd2dacdf673c\">\n.flex_column.av-av_one_third-6126cab7d8fab8d08143dd2dacdf673c{\nborder-radius:0px 0px 0px 0px;\npadding:0px 0px 0px 0px;\n}\n<\/style>\n<div  class='flex_column av-av_one_third-6126cab7d8fab8d08143dd2dacdf673c av_one_third  avia-builder-el-3  el_after_av_hr  el_before_av_one_third  first flex_column_div av-zero-column-padding  '     ><article  class='iconbox iconbox_top av-av_icon_box-ece6676a9394d3697e33aba81b42d63e  avia-builder-el-4  avia-builder-el-no-sibling  main_color'  itemscope=\"itemscope\" itemtype=\"https:\/\/schema.org\/CreativeWork\" ><div class=\"iconbox_content\"><header class=\"entry-content-header\" aria-label=\"Icon: Prohibited &amp; restricted Items\"><a href='https:\/\/www.malaya-balikbayan.de\/wp-content\/uploads\/2017\/05\/Prohibited-and-Restricted-Items.pdf' title='Prohibited &amp; restricted Items' aria-label='Prohibited &amp; restricted Items'  target=\"_blank\"  rel=\"noopener noreferrer\" class='iconbox_icon heading-color avia-iconfont avia-font-entypo-fontello' data-av_icon='\ue82d' data-av_iconfont='entypo-fontello' title=\"Prohibited &amp; restricted Items\" desc=\"Prohibited &amp; restricted Items\" ><\/a><h3 class='iconbox_content_title '  itemprop=\"headline\" ><a href='https:\/\/www.malaya-balikbayan.de\/wp-content\/uploads\/2017\/05\/Prohibited-and-Restricted-Items.pdf' title='Prohibited &amp; restricted Items'  target=\"_blank\"  rel=\"noopener noreferrer\">Prohibited &amp; restricted Items<\/a><\/h3><\/header><div class='iconbox_content_container '  itemprop=\"text\" ><p><a href=\"https:\/\/www.malaya-balikbayan.de\/wp-content\/uploads\/2017\/05\/Prohibited-and-Restricted-Items.pdf\" target=\"_blank\" rel=\"noopener noreferrer\"><img loading=\"lazy\" decoding=\"async\" class=\"aligncenter wp-image-633 size-full\" src=\"https:\/\/www.malaya-balikbayan.de\/wp-content\/uploads\/2017\/05\/Prohibited-and-Restricted-Items.jpg\" alt=\"\" width=\"1240\" height=\"1753\" srcset=\"https:\/\/www.malaya-balikbayan.de\/wp-content\/uploads\/2017\/05\/Prohibited-and-Restricted-Items.jpg 1240w, https:\/\/www.malaya-balikbayan.de\/wp-content\/uploads\/2017\/05\/Prohibited-and-Restricted-Items-212x300.jpg 212w, https:\/\/www.malaya-balikbayan.de\/wp-content\/uploads\/2017\/05\/Prohibited-and-Restricted-Items-768x1086.jpg 768w, https:\/\/www.malaya-balikbayan.de\/wp-content\/uploads\/2017\/05\/Prohibited-and-Restricted-Items-729x1030.jpg 729w, https:\/\/www.malaya-balikbayan.de\/wp-content\/uploads\/2017\/05\/Prohibited-and-Restricted-Items-1061x1500.jpg 1061w, https:\/\/www.malaya-balikbayan.de\/wp-content\/uploads\/2017\/05\/Prohibited-and-Restricted-Items-499x705.jpg 499w, https:\/\/www.malaya-balikbayan.de\/wp-content\/uploads\/2017\/05\/Prohibited-and-Restricted-Items-450x636.jpg 450w\" sizes=\"auto, (max-width: 1240px) 100vw, 1240px\" \/><\/a><\/p>\n<\/div><\/div><footer class=\"entry-footer\"><\/footer><\/article><\/div>\n<style type=\"text\/css\" data-created_by=\"avia_inline_auto\" id=\"style-css-av-av_one_third-0aa7055fe62c3622faec82866afbaeb2\">\n.flex_column.av-av_one_third-0aa7055fe62c3622faec82866afbaeb2{\nborder-radius:0px 0px 0px 0px;\npadding:0px 0px 0px 0px;\n}\n<\/style>\n<div  class='flex_column av-av_one_third-0aa7055fe62c3622faec82866afbaeb2 av_one_third  avia-builder-el-5  el_after_av_one_third  el_before_av_one_third  flex_column_div av-zero-column-padding  '     ><article  class='iconbox iconbox_top av-ke1dei8p-971dd246a28f5873c75b47364e737eea  avia-builder-el-6  avia-builder-el-no-sibling  main_color'  itemscope=\"itemscope\" itemtype=\"https:\/\/schema.org\/CreativeWork\" ><div class=\"iconbox_content\"><header class=\"entry-content-header\" aria-label=\"Icon: German Export declaration packing list\"><a href='https:\/\/www.malaya-balikbayan.de\/wp-content\/uploads\/2017\/05\/Export-Declaration-and-Packing-List.pdf' title='German Export declaration packing list' aria-label='German Export declaration packing list'  target=\"_blank\"  rel=\"noopener noreferrer\" class='iconbox_icon heading-color avia-iconfont avia-font-entypo-fontello' data-av_icon='\ue82d' data-av_iconfont='entypo-fontello' title=\"German Export declaration packing list\" desc=\"German Export declaration packing list\" ><\/a><h3 class='iconbox_content_title '  itemprop=\"headline\" ><a href='https:\/\/www.malaya-balikbayan.de\/wp-content\/uploads\/2017\/05\/Export-Declaration-and-Packing-List.pdf' title='German Export declaration packing list'  target=\"_blank\"  rel=\"noopener noreferrer\">German Export declaration packing list<\/a><\/h3><\/header><div class='iconbox_content_container '  itemprop=\"text\" ><p><a href=\"https:\/\/www.malaya-balikbayan.de\/wp-content\/uploads\/2017\/05\/Export-Declaration-and-Packing-List.pdf\" target=\"_blank\" rel=\"noopener noreferrer\"><img loading=\"lazy\" decoding=\"async\" class=\"aligncenter wp-image-624 size-full\" src=\"https:\/\/www.malaya-balikbayan.de\/wp-content\/uploads\/2017\/05\/Export-Declaration-and-Packing-List_Page_1.jpg\" alt=\"\" width=\"1240\" height=\"1753\" srcset=\"https:\/\/www.malaya-balikbayan.de\/wp-content\/uploads\/2017\/05\/Export-Declaration-and-Packing-List_Page_1.jpg 1240w, https:\/\/www.malaya-balikbayan.de\/wp-content\/uploads\/2017\/05\/Export-Declaration-and-Packing-List_Page_1-212x300.jpg 212w, https:\/\/www.malaya-balikbayan.de\/wp-content\/uploads\/2017\/05\/Export-Declaration-and-Packing-List_Page_1-768x1086.jpg 768w, https:\/\/www.malaya-balikbayan.de\/wp-content\/uploads\/2017\/05\/Export-Declaration-and-Packing-List_Page_1-729x1030.jpg 729w, https:\/\/www.malaya-balikbayan.de\/wp-content\/uploads\/2017\/05\/Export-Declaration-and-Packing-List_Page_1-1061x1500.jpg 1061w, https:\/\/www.malaya-balikbayan.de\/wp-content\/uploads\/2017\/05\/Export-Declaration-and-Packing-List_Page_1-499x705.jpg 499w, https:\/\/www.malaya-balikbayan.de\/wp-content\/uploads\/2017\/05\/Export-Declaration-and-Packing-List_Page_1-450x636.jpg 450w\" sizes=\"auto, (max-width: 1240px) 100vw, 1240px\" \/><\/a><\/p>\n<\/div><\/div><footer class=\"entry-footer\"><\/footer><\/article><\/div>\n<style type=\"text\/css\" data-created_by=\"avia_inline_auto\" id=\"style-css-av-av_one_third-0aa7055fe62c3622faec82866afbaeb2\">\n.flex_column.av-av_one_third-0aa7055fe62c3622faec82866afbaeb2{\nborder-radius:0px 0px 0px 0px;\npadding:0px 0px 0px 0px;\n}\n<\/style>\n<div  class='flex_column av-av_one_third-0aa7055fe62c3622faec82866afbaeb2 av_one_third  avia-builder-el-7  el_after_av_one_third  avia-builder-el-last  flex_column_div av-zero-column-padding  '     ><article  class='iconbox iconbox_top av-av_icon_box-cde3485bfcaf26b9b7b6ccd4b82057ce  avia-builder-el-8  avia-builder-el-no-sibling  main_color'  itemscope=\"itemscope\" itemtype=\"https:\/\/schema.org\/CreativeWork\" ><div class=\"iconbox_content\"><header class=\"entry-content-header\" aria-label=\"Icon: New Customs Policy since Dec 23 2016\"><a href='https:\/\/www.malaya-balikbayan.de\/wp-content\/uploads\/2017\/06\/CMO-33-2016.pdf' title='New Customs Policy since Dec 23 2016' aria-label='New Customs Policy since Dec 23 2016'  target=\"_blank\"  rel=\"noopener noreferrer\" class='iconbox_icon heading-color avia-iconfont avia-font-entypo-fontello' data-av_icon='\ue82d' data-av_iconfont='entypo-fontello' title=\"New Customs Policy since Dec 23 2016\" desc=\"New Customs Policy since Dec 23 2016\" ><\/a><h3 class='iconbox_content_title '  itemprop=\"headline\" ><a href='https:\/\/www.malaya-balikbayan.de\/wp-content\/uploads\/2017\/06\/CMO-33-2016.pdf' title='New Customs Policy since Dec 23 2016'  target=\"_blank\"  rel=\"noopener noreferrer\">New Customs Policy since Dec 23 2016<\/a><\/h3><\/header><div class='iconbox_content_container '  itemprop=\"text\" ><p><a href=\"https:\/\/www.malaya-balikbayan.de\/wp-content\/uploads\/2017\/06\/CMO-33-2016.pdf\" target=\"_blank\" rel=\"noopener noreferrer\"><img decoding=\"async\" class=\"aligncenter wp-image-633 size-full\" src=\"https:\/\/www.malaya-balikbayan.de\/wp-content\/uploads\/2017\/06\/CMO-33-2016-1.jpg\" alt=\"\" \/><\/a><\/p>\n<\/div><\/div><footer class=\"entry-footer\"><\/footer><\/article><\/div><\/div><\/div><\/main><!-- close content main element --><\/div><\/div><div id='after_section_1'  class='main_color av_default_container_wrap container_wrap fullsize'  ><div class='container av-section-cont-open' ><div class='template-page content  av-content-full alpha units'><div class='post-entry post-entry-type-page post-entry-1121'><div class='entry-content-wrapper clearfix'>\n<style type=\"text\/css\" data-created_by=\"avia_inline_auto\" id=\"style-css-av-av_heading-d84083095499dc5ff5a72e7a70f9550d\">\n#top .av-special-heading.av-av_heading-d84083095499dc5ff5a72e7a70f9550d{\npadding-bottom:10px;\n}\nbody .av-special-heading.av-av_heading-d84083095499dc5ff5a72e7a70f9550d .av-special-heading-tag .heading-char{\nfont-size:25px;\n}\n.av-special-heading.av-av_heading-d84083095499dc5ff5a72e7a70f9550d .av-subheading{\nfont-size:15px;\n}\n<\/style>\n<div  class='av-special-heading av-av_heading-d84083095499dc5ff5a72e7a70f9550d av-special-heading-h3 blockquote modern-quote  avia-builder-el-9  el_after_av_section  el_before_av_hr  avia-builder-el-first '><h3 class='av-special-heading-tag '  itemprop=\"headline\"  >Customs Regulations<\/h3><div class=\"special-heading-border\"><div class=\"special-heading-inner-border\"><\/div><\/div><\/div><\/p>\n<div  class='hr av-av_hr-dcd2069817a0e3d34ae04cad8f3443c7 hr-default  avia-builder-el-10  el_after_av_heading  avia-builder-el-last '><span class='hr-inner '><span class=\"hr-inner-style\"><\/span><\/span><\/div>\n<div class=\"shariff shariff-align-flex-start shariff-widget-align-flex-start\"><ul class=\"shariff-buttons theme-round orientation-horizontal buttonsize-medium\"><li class=\"shariff-button facebook shariff-nocustomcolor\" style=\"background-color:#4273c8\"><a href=\"https:\/\/www.facebook.com\/sharer\/sharer.php?u=https%3A%2F%2Fwww.malaya-balikbayan.de%2Fen%2Finformationen-formulare%2F\" title=\"Bei Facebook teilen\" aria-label=\"Bei Facebook teilen\" role=\"button\" rel=\"nofollow\" class=\"shariff-link\" style=\"; background-color:#3b5998; color:#fff\" target=\"_blank\"><span class=\"shariff-icon\" style=\"\"><svg width=\"32px\" height=\"20px\" xmlns=\"http:\/\/www.w3.org\/2000\/svg\" viewBox=\"0 0 18 32\"><path fill=\"#3b5998\" d=\"M17.1 0.2v4.7h-2.8q-1.5 0-2.1 0.6t-0.5 1.9v3.4h5.2l-0.7 5.3h-4.5v13.6h-5.5v-13.6h-4.5v-5.3h4.5v-3.9q0-3.3 1.9-5.2t5-1.8q2.6 0 4.1 0.2z\"\/><\/svg><\/span><\/a><\/li><li class=\"shariff-button twitter shariff-nocustomcolor\" style=\"background-color:#595959\"><a href=\"https:\/\/twitter.com\/share?url=https%3A%2F%2Fwww.malaya-balikbayan.de%2Fen%2Finformationen-formulare%2F&text=Information%20%26%20Forms\" title=\"Bei X teilen\" aria-label=\"Bei X teilen\" role=\"button\" rel=\"noopener nofollow\" class=\"shariff-link\" style=\"; background-color:#000; color:#fff\" target=\"_blank\"><span class=\"shariff-icon\" style=\"\"><svg width=\"32px\" height=\"20px\" xmlns=\"http:\/\/www.w3.org\/2000\/svg\" viewBox=\"0 0 24 24\"><path fill=\"#000\" d=\"M14.258 10.152L23.176 0h-2.113l-7.747 8.813L7.133 0H0l9.352 13.328L0 23.973h2.113l8.176-9.309 6.531 9.309h7.133zm-2.895 3.293l-.949-1.328L2.875 1.56h3.246l6.086 8.523.945 1.328 7.91 11.078h-3.246zm0 0\"\/><\/svg><\/span><\/a><\/li><li class=\"shariff-button whatsapp shariff-nocustomcolor\" style=\"background-color:#5cbe4a\"><a href=\"https:\/\/api.whatsapp.com\/send?text=https%3A%2F%2Fwww.malaya-balikbayan.de%2Fen%2Finformationen-formulare%2F%20Information%20%26%20Forms\" title=\"Bei Whatsapp teilen\" aria-label=\"Bei Whatsapp teilen\" role=\"button\" rel=\"noopener nofollow\" class=\"shariff-link\" style=\"; background-color:#34af23; color:#fff\" target=\"_blank\"><span class=\"shariff-icon\" style=\"\"><svg width=\"32px\" height=\"20px\" xmlns=\"http:\/\/www.w3.org\/2000\/svg\" viewBox=\"0 0 32 32\"><path fill=\"#34af23\" d=\"M17.6 17.4q0.2 0 1.7 0.8t1.6 0.9q0 0.1 0 0.3 0 0.6-0.3 1.4-0.3 0.7-1.3 1.2t-1.8 0.5q-1 0-3.4-1.1-1.7-0.8-3-2.1t-2.6-3.3q-1.3-1.9-1.3-3.5v-0.1q0.1-1.6 1.3-2.8 0.4-0.4 0.9-0.4 0.1 0 0.3 0t0.3 0q0.3 0 0.5 0.1t0.3 0.5q0.1 0.4 0.6 1.6t0.4 1.3q0 0.4-0.6 1t-0.6 0.8q0 0.1 0.1 0.3 0.6 1.3 1.8 2.4 1 0.9 2.7 1.8 0.2 0.1 0.4 0.1 0.3 0 1-0.9t0.9-0.9zM14 26.9q2.3 0 4.3-0.9t3.6-2.4 2.4-3.6 0.9-4.3-0.9-4.3-2.4-3.6-3.6-2.4-4.3-0.9-4.3 0.9-3.6 2.4-2.4 3.6-0.9 4.3q0 3.6 2.1 6.6l-1.4 4.2 4.3-1.4q2.8 1.9 6.2 1.9zM14 2.2q2.7 0 5.2 1.1t4.3 2.9 2.9 4.3 1.1 5.2-1.1 5.2-2.9 4.3-4.3 2.9-5.2 1.1q-3.5 0-6.5-1.7l-7.4 2.4 2.4-7.2q-1.9-3.2-1.9-6.9 0-2.7 1.1-5.2t2.9-4.3 4.3-2.9 5.2-1.1z\"\/><\/svg><\/span><\/a><\/li><\/ul><\/div>","protected":false},"excerpt":{"rendered":"","protected":false},"author":1,"featured_media":0,"parent":0,"menu_order":9,"comment_status":"closed","ping_status":"closed","template":"","meta":{"footnotes":""},"class_list":["post-1121","page","type-page","status-publish","hentry"],"yoast_head":"<!-- This site is optimized with the Yoast SEO plugin v27.3 - https:\/\/yoast.com\/product\/yoast-seo-wordpress\/ -->\n<title>Information &amp; Forms - Malaya Balikbayan<\/title>\n<meta name=\"description\" content=\"Wir holen ihre Balikbayan Pakete zwischen Wien und Hamburg pers\u00f6nlich ab und bringen es sicher und zuverl\u00e4ssig an jedem Ort auf die Philippinen zu Ihren Liebsten nach Hause.\" \/>\n<meta name=\"robots\" content=\"index, follow, max-snippet:-1, max-image-preview:large, max-video-preview:-1\" \/>\n<link rel=\"canonical\" href=\"https:\/\/www.malaya-balikbayan.de\/en\/informationen-formulare\/\" \/>\n<meta property=\"og:locale\" content=\"en_US\" \/>\n<meta property=\"og:type\" content=\"article\" \/>\n<meta property=\"og:title\" content=\"Information &amp; Forms - Malaya Balikbayan\" \/>\n<meta property=\"og:description\" content=\"Wir holen ihre Balikbayan Pakete zwischen Wien und Hamburg pers\u00f6nlich ab und bringen es sicher und zuverl\u00e4ssig an jedem Ort auf die Philippinen zu Ihren Liebsten nach Hause.\" \/>\n<meta property=\"og:url\" content=\"https:\/\/www.malaya-balikbayan.de\/en\/informationen-formulare\/\" \/>\n<meta property=\"og:site_name\" content=\"Malaya Balikbayan\" \/>\n<meta property=\"article:publisher\" content=\"https:\/\/www.facebook.com\/malayabalikbayan\" \/>\n<meta property=\"article:modified_time\" content=\"2020-08-19T12:46:56+00:00\" \/>\n<meta property=\"og:image\" content=\"https:\/\/www.malaya-balikbayan.de\/wp-content\/uploads\/2017\/05\/Prohibited-and-Restricted-Items.jpg\" \/>\n<meta name=\"twitter:card\" content=\"summary_large_image\" \/>\n<meta name=\"twitter:label1\" content=\"Est. reading time\" \/>\n\t<meta name=\"twitter:data1\" content=\"4 minutes\" \/>\n<script type=\"application\/ld+json\" class=\"yoast-schema-graph\">{\"@context\":\"https:\\\/\\\/schema.org\",\"@graph\":[{\"@type\":\"WebPage\",\"@id\":\"https:\\\/\\\/www.malaya-balikbayan.de\\\/en\\\/informationen-formulare\\\/\",\"url\":\"https:\\\/\\\/www.malaya-balikbayan.de\\\/en\\\/informationen-formulare\\\/\",\"name\":\"Information & Forms - Malaya Balikbayan\",\"isPartOf\":{\"@id\":\"https:\\\/\\\/www.malaya-balikbayan.de\\\/en\\\/#website\"},\"primaryImageOfPage\":{\"@id\":\"https:\\\/\\\/www.malaya-balikbayan.de\\\/en\\\/informationen-formulare\\\/#primaryimage\"},\"image\":{\"@id\":\"https:\\\/\\\/www.malaya-balikbayan.de\\\/en\\\/informationen-formulare\\\/#primaryimage\"},\"thumbnailUrl\":\"https:\\\/\\\/www.malaya-balikbayan.de\\\/wp-content\\\/uploads\\\/2017\\\/05\\\/Prohibited-and-Restricted-Items.jpg\",\"datePublished\":\"2017-05-10T12:30:13+00:00\",\"dateModified\":\"2020-08-19T12:46:56+00:00\",\"description\":\"Wir holen ihre Balikbayan Pakete zwischen Wien und Hamburg pers\u00f6nlich ab und bringen es sicher und zuverl\u00e4ssig an jedem Ort auf die Philippinen zu Ihren Liebsten nach Hause.\",\"breadcrumb\":{\"@id\":\"https:\\\/\\\/www.malaya-balikbayan.de\\\/en\\\/informationen-formulare\\\/#breadcrumb\"},\"inLanguage\":\"en-US\",\"potentialAction\":[{\"@type\":\"ReadAction\",\"target\":[\"https:\\\/\\\/www.malaya-balikbayan.de\\\/en\\\/informationen-formulare\\\/\"]}]},{\"@type\":\"ImageObject\",\"inLanguage\":\"en-US\",\"@id\":\"https:\\\/\\\/www.malaya-balikbayan.de\\\/en\\\/informationen-formulare\\\/#primaryimage\",\"url\":\"https:\\\/\\\/www.malaya-balikbayan.de\\\/wp-content\\\/uploads\\\/2017\\\/05\\\/Prohibited-and-Restricted-Items.jpg\",\"contentUrl\":\"https:\\\/\\\/www.malaya-balikbayan.de\\\/wp-content\\\/uploads\\\/2017\\\/05\\\/Prohibited-and-Restricted-Items.jpg\"},{\"@type\":\"BreadcrumbList\",\"@id\":\"https:\\\/\\\/www.malaya-balikbayan.de\\\/en\\\/informationen-formulare\\\/#breadcrumb\",\"itemListElement\":[{\"@type\":\"ListItem\",\"position\":1,\"name\":\"Home\",\"item\":\"https:\\\/\\\/www.malaya-balikbayan.de\\\/en\\\/\"},{\"@type\":\"ListItem\",\"position\":2,\"name\":\"Information &#038; Forms\"}]},{\"@type\":\"WebSite\",\"@id\":\"https:\\\/\\\/www.malaya-balikbayan.de\\\/en\\\/#website\",\"url\":\"https:\\\/\\\/www.malaya-balikbayan.de\\\/en\\\/\",\"name\":\"Malaya Balikbayan\",\"description\":\"ihr zuverl\u00e4ssiger &quot;T\u00fcr zu T\u00fcr&quot; Balikbayan Versand Service!\",\"publisher\":{\"@id\":\"https:\\\/\\\/www.malaya-balikbayan.de\\\/en\\\/#organization\"},\"potentialAction\":[{\"@type\":\"SearchAction\",\"target\":{\"@type\":\"EntryPoint\",\"urlTemplate\":\"https:\\\/\\\/www.malaya-balikbayan.de\\\/en\\\/?s={search_term_string}\"},\"query-input\":{\"@type\":\"PropertyValueSpecification\",\"valueRequired\":true,\"valueName\":\"search_term_string\"}}],\"inLanguage\":\"en-US\"},{\"@type\":\"Organization\",\"@id\":\"https:\\\/\\\/www.malaya-balikbayan.de\\\/en\\\/#organization\",\"name\":\"Malaya Balikbayan\",\"url\":\"https:\\\/\\\/www.malaya-balikbayan.de\\\/en\\\/\",\"logo\":{\"@type\":\"ImageObject\",\"inLanguage\":\"en-US\",\"@id\":\"https:\\\/\\\/www.malaya-balikbayan.de\\\/en\\\/#\\\/schema\\\/logo\\\/image\\\/\",\"url\":\"https:\\\/\\\/www.malaya-balikbayan.de\\\/wp-content\\\/uploads\\\/2017\\\/06\\\/Malaya-Balikbayan-logo.png\",\"contentUrl\":\"https:\\\/\\\/www.malaya-balikbayan.de\\\/wp-content\\\/uploads\\\/2017\\\/06\\\/Malaya-Balikbayan-logo.png\",\"width\":477,\"height\":90,\"caption\":\"Malaya Balikbayan\"},\"image\":{\"@id\":\"https:\\\/\\\/www.malaya-balikbayan.de\\\/en\\\/#\\\/schema\\\/logo\\\/image\\\/\"},\"sameAs\":[\"https:\\\/\\\/www.facebook.com\\\/malayabalikbayan\"]}]}<\/script>\n<!-- \/ Yoast SEO plugin. -->","yoast_head_json":{"title":"Information & Forms - Malaya Balikbayan","description":"Wir holen ihre Balikbayan Pakete zwischen Wien und Hamburg pers\u00f6nlich ab und bringen es sicher und zuverl\u00e4ssig an jedem Ort auf die Philippinen zu Ihren Liebsten nach Hause.","robots":{"index":"index","follow":"follow","max-snippet":"max-snippet:-1","max-image-preview":"max-image-preview:large","max-video-preview":"max-video-preview:-1"},"canonical":"https:\/\/www.malaya-balikbayan.de\/en\/informationen-formulare\/","og_locale":"en_US","og_type":"article","og_title":"Information & Forms - Malaya Balikbayan","og_description":"Wir holen ihre Balikbayan Pakete zwischen Wien und Hamburg pers\u00f6nlich ab und bringen es sicher und zuverl\u00e4ssig an jedem Ort auf die Philippinen zu Ihren Liebsten nach Hause.","og_url":"https:\/\/www.malaya-balikbayan.de\/en\/informationen-formulare\/","og_site_name":"Malaya Balikbayan","article_publisher":"https:\/\/www.facebook.com\/malayabalikbayan","article_modified_time":"2020-08-19T12:46:56+00:00","og_image":[{"url":"https:\/\/www.malaya-balikbayan.de\/wp-content\/uploads\/2017\/05\/Prohibited-and-Restricted-Items.jpg","type":"","width":"","height":""}],"twitter_card":"summary_large_image","twitter_misc":{"Est. reading time":"4 minutes"},"schema":{"@context":"https:\/\/schema.org","@graph":[{"@type":"WebPage","@id":"https:\/\/www.malaya-balikbayan.de\/en\/informationen-formulare\/","url":"https:\/\/www.malaya-balikbayan.de\/en\/informationen-formulare\/","name":"Information & Forms - Malaya Balikbayan","isPartOf":{"@id":"https:\/\/www.malaya-balikbayan.de\/en\/#website"},"primaryImageOfPage":{"@id":"https:\/\/www.malaya-balikbayan.de\/en\/informationen-formulare\/#primaryimage"},"image":{"@id":"https:\/\/www.malaya-balikbayan.de\/en\/informationen-formulare\/#primaryimage"},"thumbnailUrl":"https:\/\/www.malaya-balikbayan.de\/wp-content\/uploads\/2017\/05\/Prohibited-and-Restricted-Items.jpg","datePublished":"2017-05-10T12:30:13+00:00","dateModified":"2020-08-19T12:46:56+00:00","description":"Wir holen ihre Balikbayan Pakete zwischen Wien und Hamburg pers\u00f6nlich ab und bringen es sicher und zuverl\u00e4ssig an jedem Ort auf die Philippinen zu Ihren Liebsten nach Hause.","breadcrumb":{"@id":"https:\/\/www.malaya-balikbayan.de\/en\/informationen-formulare\/#breadcrumb"},"inLanguage":"en-US","potentialAction":[{"@type":"ReadAction","target":["https:\/\/www.malaya-balikbayan.de\/en\/informationen-formulare\/"]}]},{"@type":"ImageObject","inLanguage":"en-US","@id":"https:\/\/www.malaya-balikbayan.de\/en\/informationen-formulare\/#primaryimage","url":"https:\/\/www.malaya-balikbayan.de\/wp-content\/uploads\/2017\/05\/Prohibited-and-Restricted-Items.jpg","contentUrl":"https:\/\/www.malaya-balikbayan.de\/wp-content\/uploads\/2017\/05\/Prohibited-and-Restricted-Items.jpg"},{"@type":"BreadcrumbList","@id":"https:\/\/www.malaya-balikbayan.de\/en\/informationen-formulare\/#breadcrumb","itemListElement":[{"@type":"ListItem","position":1,"name":"Home","item":"https:\/\/www.malaya-balikbayan.de\/en\/"},{"@type":"ListItem","position":2,"name":"Information &#038; Forms"}]},{"@type":"WebSite","@id":"https:\/\/www.malaya-balikbayan.de\/en\/#website","url":"https:\/\/www.malaya-balikbayan.de\/en\/","name":"Malaya Balikbayan","description":"ihr zuverl\u00e4ssiger &quot;T\u00fcr zu T\u00fcr&quot; Balikbayan Versand Service!","publisher":{"@id":"https:\/\/www.malaya-balikbayan.de\/en\/#organization"},"potentialAction":[{"@type":"SearchAction","target":{"@type":"EntryPoint","urlTemplate":"https:\/\/www.malaya-balikbayan.de\/en\/?s={search_term_string}"},"query-input":{"@type":"PropertyValueSpecification","valueRequired":true,"valueName":"search_term_string"}}],"inLanguage":"en-US"},{"@type":"Organization","@id":"https:\/\/www.malaya-balikbayan.de\/en\/#organization","name":"Malaya Balikbayan","url":"https:\/\/www.malaya-balikbayan.de\/en\/","logo":{"@type":"ImageObject","inLanguage":"en-US","@id":"https:\/\/www.malaya-balikbayan.de\/en\/#\/schema\/logo\/image\/","url":"https:\/\/www.malaya-balikbayan.de\/wp-content\/uploads\/2017\/06\/Malaya-Balikbayan-logo.png","contentUrl":"https:\/\/www.malaya-balikbayan.de\/wp-content\/uploads\/2017\/06\/Malaya-Balikbayan-logo.png","width":477,"height":90,"caption":"Malaya Balikbayan"},"image":{"@id":"https:\/\/www.malaya-balikbayan.de\/en\/#\/schema\/logo\/image\/"},"sameAs":["https:\/\/www.facebook.com\/malayabalikbayan"]}]}},"_links":{"self":[{"href":"https:\/\/www.malaya-balikbayan.de\/en\/wp-json\/wp\/v2\/pages\/1121","targetHints":{"allow":["GET"]}}],"collection":[{"href":"https:\/\/www.malaya-balikbayan.de\/en\/wp-json\/wp\/v2\/pages"}],"about":[{"href":"https:\/\/www.malaya-balikbayan.de\/en\/wp-json\/wp\/v2\/types\/page"}],"author":[{"embeddable":true,"href":"https:\/\/www.malaya-balikbayan.de\/en\/wp-json\/wp\/v2\/users\/1"}],"replies":[{"embeddable":true,"href":"https:\/\/www.malaya-balikbayan.de\/en\/wp-json\/wp\/v2\/comments?post=1121"}],"version-history":[{"count":5,"href":"https:\/\/www.malaya-balikbayan.de\/en\/wp-json\/wp\/v2\/pages\/1121\/revisions"}],"predecessor-version":[{"id":1123,"href":"https:\/\/www.malaya-balikbayan.de\/en\/wp-json\/wp\/v2\/pages\/1121\/revisions\/1123"}],"wp:attachment":[{"href":"https:\/\/www.malaya-balikbayan.de\/en\/wp-json\/wp\/v2\/media?parent=1121"}],"curies":[{"name":"wp","href":"https:\/\/api.w.org\/{rel}","templated":true}]}}