{"id":1126,"date":"2017-05-17T13:59:41","date_gmt":"2017-05-17T11:59:41","guid":{"rendered":"https:\/\/www.malaya-balikbayan.de\/agb\/"},"modified":"2017-09-27T17:04:07","modified_gmt":"2017-09-27T15:04:07","slug":"agb","status":"publish","type":"page","link":"https:\/\/www.malaya-balikbayan.de\/en\/agb\/","title":{"rendered":"Terms &#038; Conditions"},"content":{"rendered":"\n<style type=\"text\/css\" data-created_by=\"avia_inline_auto\" id=\"style-css-av-av_section-adf41d2678b0072b2f8ae8912c06c83e\">\n.avia-section.av-av_section-adf41d2678b0072b2f8ae8912c06c83e .av-section-color-overlay{\nopacity:0.5;\nbackground-image:url(https:\/\/www.malaya-balikbayan.de\/wp-content\/themes\/enfold\/images\/background-images\/wool-diagonal-for-light-background.png);\nbackground-repeat:repeat;\n}\n<\/style>\n<div id='av_section_1'  class='avia-section av-av_section-adf41d2678b0072b2f8ae8912c06c83e main_color avia-section-default avia-no-shadow  avia-builder-el-0  avia-builder-el-no-sibling  avia-bg-style-scroll av-section-color-overlay-active container_wrap fullsize'  ><div class=\"av-section-color-overlay-wrap\"><div class=\"av-section-color-overlay\"><\/div><div class='container av-section-cont-open' ><main  role=\"main\" itemprop=\"mainContentOfPage\"  class='template-page content  av-content-full alpha units'><div class='post-entry post-entry-type-page post-entry-1126'><div class='entry-content-wrapper clearfix'>\n\n<style type=\"text\/css\" data-created_by=\"avia_inline_auto\" id=\"style-css-av-av_one_full-6126cab7d8fab8d08143dd2dacdf673c\">\n.flex_column.av-av_one_full-6126cab7d8fab8d08143dd2dacdf673c{\nborder-radius:0px 0px 0px 0px;\npadding:0px 0px 0px 0px;\n}\n<\/style>\n<div  class='flex_column av-av_one_full-6126cab7d8fab8d08143dd2dacdf673c av_one_full  avia-builder-el-1  avia-builder-el-no-sibling  first flex_column_div av-zero-column-padding  '     ><section  class='av_textblock_section av-av_textblock-283972ea15f2e73870c23e2d6de3245d '   itemscope=\"itemscope\" itemtype=\"https:\/\/schema.org\/CreativeWork\" ><div class='avia_textblock'  itemprop=\"text\" ><h1 style=\"text-align: left;\">Terms and Conditions<\/h1>\n<ol style=\"text-align: left;\">\n<li><strong>MALAYA Balikbayan <\/strong>Box\u00a0agrees to receive, ship, release from Philippines Bureau of Customs and deliver to whoever in the Philippines the SENDER desires (Door to Door), the latter&#8217;s personal effects.<\/li>\n<li><strong>The<\/strong> <strong>SENDER<\/strong> is responsible in packing his\/her personal effects. MALAYA Balikbayan Box therefore shall in no case be held liable for any breakage, damage or spoilage that may be caused in handling or shipping the same.<\/li>\n<li><strong>The SENDER<\/strong> agrees that in case of loss of said personal effects, MALAYA Balikbayan Box shall be liable only in the sum as may be officially declared by the former said liability, however, shall in no case exceed the amount of 250,- \u20ac. Should The value exceed the said amount, SENDER may insure the amount in excess with the Company by packing the premium therefore.<\/li>\n<li><strong>The SENDER<\/strong> shall not send banned or prohibited or regulated drugs, any kind of firearms explosives, ammunition, combustible or inflammable materials. In relation hereof, the SENDER shall accomplish and complete an official declaration of the contains of said personal property. In case the SENDER shall make any mis-declaration and the contents thereof be discovered to the banned or prohibited as mentioned above, MALAYA Balikbayan Box has the right to leave all the SENDER&#8217;S personal effects with the Philippine Bureau of Customs and have the same confiscated by the Philippine Government, without incurring any liability against the SENDER, but without prejudice to any case that be filed against the SENDER or his\/her Consignee.<\/li>\n<li><strong>MALAYA Balikbayan<\/strong> Box may, at our sole discretion, open and inspect the Balikbayan Box without notice. Governmental authorities may also open and inspect any shipment at any time.<\/li>\n<li>If a dangerous goods or items were discovered inside the Balikbayan Box and damages or contaminates any property, the SENDER of the said box is solely responsible for and will reimburse and indemnify MALAYA Balikbayan box for any and all cost, fees and expenses it incurs in connection with the cleanup of such damage and contamination.<\/li>\n<li><strong>MALAYA Balikbayan<\/strong> Box will not be liable or responsible for loss, damage or delay caused by events we cannot control (Natural Disaster, Strikes, Act of Terrorism, War of Civil Strife, Disruption or Failure of Communication and Information Systems, Criminal Acts of any person or entities.)<\/li>\n<li><strong>The box dimension is 72cm x 45cm x 60cm<\/strong>\u00a0shall not be extended or de- formed the box due to over packing, otherwise the SENDER may incur additional charges.<\/li>\n<li>In consideration of the service, the SENDER has to pay the amount according to the attached price list. Only fully paid cargo will be delivered to The CONSIGNEE. Failure to pay the required shipping fee on time, additional warehousing fee will be charged.<\/li>\n<li>This agreement shall take effect upon the signing hereof, and shall cease upon fulfilment of the Company&#8217;s delivery of the SENDER\u2019s personal effects to the CONSIGNEE.<\/li>\n<\/ol>\n<\/div><\/section><\/div>\n<div class=\"shariff shariff-align-flex-start shariff-widget-align-flex-start\"><ul class=\"shariff-buttons theme-round orientation-horizontal buttonsize-medium\"><li class=\"shariff-button facebook shariff-nocustomcolor\" style=\"background-color:#4273c8\"><a href=\"https:\/\/www.facebook.com\/sharer\/sharer.php?u=https%3A%2F%2Fwww.malaya-balikbayan.de%2Fen%2Fagb%2F\" title=\"Bei Facebook teilen\" aria-label=\"Bei Facebook teilen\" role=\"button\" rel=\"nofollow\" class=\"shariff-link\" style=\"; background-color:#3b5998; color:#fff\" target=\"_blank\"><span class=\"shariff-icon\" style=\"\"><svg width=\"32px\" height=\"20px\" xmlns=\"http:\/\/www.w3.org\/2000\/svg\" viewBox=\"0 0 18 32\"><path fill=\"#3b5998\" d=\"M17.1 0.2v4.7h-2.8q-1.5 0-2.1 0.6t-0.5 1.9v3.4h5.2l-0.7 5.3h-4.5v13.6h-5.5v-13.6h-4.5v-5.3h4.5v-3.9q0-3.3 1.9-5.2t5-1.8q2.6 0 4.1 0.2z\"\/><\/svg><\/span><\/a><\/li><li class=\"shariff-button twitter shariff-nocustomcolor\" style=\"background-color:#595959\"><a href=\"https:\/\/twitter.com\/share?url=https%3A%2F%2Fwww.malaya-balikbayan.de%2Fen%2Fagb%2F&text=Terms%20%26%20Conditions\" title=\"Bei X teilen\" aria-label=\"Bei X teilen\" role=\"button\" rel=\"noopener nofollow\" class=\"shariff-link\" style=\"; background-color:#000; color:#fff\" target=\"_blank\"><span class=\"shariff-icon\" style=\"\"><svg width=\"32px\" height=\"20px\" xmlns=\"http:\/\/www.w3.org\/2000\/svg\" viewBox=\"0 0 24 24\"><path fill=\"#000\" d=\"M14.258 10.152L23.176 0h-2.113l-7.747 8.813L7.133 0H0l9.352 13.328L0 23.973h2.113l8.176-9.309 6.531 9.309h7.133zm-2.895 3.293l-.949-1.328L2.875 1.56h3.246l6.086 8.523.945 1.328 7.91 11.078h-3.246zm0 0\"\/><\/svg><\/span><\/a><\/li><li class=\"shariff-button whatsapp shariff-nocustomcolor\" style=\"background-color:#5cbe4a\"><a href=\"https:\/\/api.whatsapp.com\/send?text=https%3A%2F%2Fwww.malaya-balikbayan.de%2Fen%2Fagb%2F%20Terms%20%26%20Conditions\" title=\"Bei Whatsapp teilen\" aria-label=\"Bei Whatsapp teilen\" role=\"button\" rel=\"noopener nofollow\" class=\"shariff-link\" style=\"; background-color:#34af23; color:#fff\" target=\"_blank\"><span class=\"shariff-icon\" style=\"\"><svg width=\"32px\" height=\"20px\" xmlns=\"http:\/\/www.w3.org\/2000\/svg\" viewBox=\"0 0 32 32\"><path fill=\"#34af23\" d=\"M17.6 17.4q0.2 0 1.7 0.8t1.6 0.9q0 0.1 0 0.3 0 0.6-0.3 1.4-0.3 0.7-1.3 1.2t-1.8 0.5q-1 0-3.4-1.1-1.7-0.8-3-2.1t-2.6-3.3q-1.3-1.9-1.3-3.5v-0.1q0.1-1.6 1.3-2.8 0.4-0.4 0.9-0.4 0.1 0 0.3 0t0.3 0q0.3 0 0.5 0.1t0.3 0.5q0.1 0.4 0.6 1.6t0.4 1.3q0 0.4-0.6 1t-0.6 0.8q0 0.1 0.1 0.3 0.6 1.3 1.8 2.4 1 0.9 2.7 1.8 0.2 0.1 0.4 0.1 0.3 0 1-0.9t0.9-0.9zM14 26.9q2.3 0 4.3-0.9t3.6-2.4 2.4-3.6 0.9-4.3-0.9-4.3-2.4-3.6-3.6-2.4-4.3-0.9-4.3 0.9-3.6 2.4-2.4 3.6-0.9 4.3q0 3.6 2.1 6.6l-1.4 4.2 4.3-1.4q2.8 1.9 6.2 1.9zM14 2.2q2.7 0 5.2 1.1t4.3 2.9 2.9 4.3 1.1 5.2-1.1 5.2-2.9 4.3-4.3 2.9-5.2 1.1q-3.5 0-6.5-1.7l-7.4 2.4 2.4-7.2q-1.9-3.2-1.9-6.9 0-2.7 1.1-5.2t2.9-4.3 4.3-2.9 5.2-1.1z\"\/><\/svg><\/span><\/a><\/li><\/ul><\/div>","protected":false},"excerpt":{"rendered":"","protected":false},"author":1,"featured_media":0,"parent":0,"menu_order":11,"comment_status":"closed","ping_status":"closed","template":"","meta":{"footnotes":""},"class_list":["post-1126","page","type-page","status-publish","hentry"],"yoast_head":"<!-- This site is optimized with the Yoast SEO plugin v27.3 - https:\/\/yoast.com\/product\/yoast-seo-wordpress\/ -->\n<title>Terms &amp; Conditions - Malaya Balikbayan<\/title>\n<meta name=\"description\" content=\"Wir holen ihre Balikbayan Pakete zwischen Wien und Hamburg pers\u00f6nlich ab und bringen es sicher und zuverl\u00e4ssig an jedem Ort auf die Philippinen zu Ihren Liebsten nach Hause.\" \/>\n<meta name=\"robots\" content=\"index, follow, max-snippet:-1, max-image-preview:large, max-video-preview:-1\" \/>\n<link rel=\"canonical\" href=\"https:\/\/www.malaya-balikbayan.de\/en\/agb\/\" \/>\n<meta property=\"og:locale\" content=\"en_US\" \/>\n<meta property=\"og:type\" content=\"article\" \/>\n<meta property=\"og:title\" content=\"Terms &amp; Conditions - Malaya Balikbayan\" \/>\n<meta property=\"og:description\" content=\"Wir holen ihre Balikbayan Pakete zwischen Wien und Hamburg pers\u00f6nlich ab und bringen es sicher und zuverl\u00e4ssig an jedem Ort auf die Philippinen zu Ihren Liebsten nach Hause.\" \/>\n<meta property=\"og:url\" content=\"https:\/\/www.malaya-balikbayan.de\/en\/agb\/\" \/>\n<meta property=\"og:site_name\" content=\"Malaya Balikbayan\" \/>\n<meta property=\"article:publisher\" content=\"https:\/\/www.facebook.com\/malayabalikbayan\" \/>\n<meta property=\"article:modified_time\" content=\"2017-09-27T15:04:07+00:00\" \/>\n<meta name=\"twitter:card\" content=\"summary_large_image\" \/>\n<meta name=\"twitter:label1\" content=\"Est. reading time\" \/>\n\t<meta name=\"twitter:data1\" content=\"3 minutes\" \/>\n<script type=\"application\/ld+json\" class=\"yoast-schema-graph\">{\"@context\":\"https:\\\/\\\/schema.org\",\"@graph\":[{\"@type\":\"WebPage\",\"@id\":\"https:\\\/\\\/www.malaya-balikbayan.de\\\/en\\\/agb\\\/\",\"url\":\"https:\\\/\\\/www.malaya-balikbayan.de\\\/en\\\/agb\\\/\",\"name\":\"Terms & Conditions - Malaya Balikbayan\",\"isPartOf\":{\"@id\":\"https:\\\/\\\/www.malaya-balikbayan.de\\\/en\\\/#website\"},\"datePublished\":\"2017-05-17T11:59:41+00:00\",\"dateModified\":\"2017-09-27T15:04:07+00:00\",\"description\":\"Wir holen ihre Balikbayan Pakete zwischen Wien und Hamburg pers\u00f6nlich ab und bringen es sicher und zuverl\u00e4ssig an jedem Ort auf die Philippinen zu Ihren Liebsten nach Hause.\",\"breadcrumb\":{\"@id\":\"https:\\\/\\\/www.malaya-balikbayan.de\\\/en\\\/agb\\\/#breadcrumb\"},\"inLanguage\":\"en-US\",\"potentialAction\":[{\"@type\":\"ReadAction\",\"target\":[\"https:\\\/\\\/www.malaya-balikbayan.de\\\/en\\\/agb\\\/\"]}]},{\"@type\":\"BreadcrumbList\",\"@id\":\"https:\\\/\\\/www.malaya-balikbayan.de\\\/en\\\/agb\\\/#breadcrumb\",\"itemListElement\":[{\"@type\":\"ListItem\",\"position\":1,\"name\":\"Home\",\"item\":\"https:\\\/\\\/www.malaya-balikbayan.de\\\/en\\\/\"},{\"@type\":\"ListItem\",\"position\":2,\"name\":\"Terms &#038; Conditions\"}]},{\"@type\":\"WebSite\",\"@id\":\"https:\\\/\\\/www.malaya-balikbayan.de\\\/en\\\/#website\",\"url\":\"https:\\\/\\\/www.malaya-balikbayan.de\\\/en\\\/\",\"name\":\"Malaya Balikbayan\",\"description\":\"ihr zuverl\u00e4ssiger &quot;T\u00fcr zu T\u00fcr&quot; Balikbayan Versand Service!\",\"publisher\":{\"@id\":\"https:\\\/\\\/www.malaya-balikbayan.de\\\/en\\\/#organization\"},\"potentialAction\":[{\"@type\":\"SearchAction\",\"target\":{\"@type\":\"EntryPoint\",\"urlTemplate\":\"https:\\\/\\\/www.malaya-balikbayan.de\\\/en\\\/?s={search_term_string}\"},\"query-input\":{\"@type\":\"PropertyValueSpecification\",\"valueRequired\":true,\"valueName\":\"search_term_string\"}}],\"inLanguage\":\"en-US\"},{\"@type\":\"Organization\",\"@id\":\"https:\\\/\\\/www.malaya-balikbayan.de\\\/en\\\/#organization\",\"name\":\"Malaya Balikbayan\",\"url\":\"https:\\\/\\\/www.malaya-balikbayan.de\\\/en\\\/\",\"logo\":{\"@type\":\"ImageObject\",\"inLanguage\":\"en-US\",\"@id\":\"https:\\\/\\\/www.malaya-balikbayan.de\\\/en\\\/#\\\/schema\\\/logo\\\/image\\\/\",\"url\":\"https:\\\/\\\/www.malaya-balikbayan.de\\\/wp-content\\\/uploads\\\/2017\\\/06\\\/Malaya-Balikbayan-logo.png\",\"contentUrl\":\"https:\\\/\\\/www.malaya-balikbayan.de\\\/wp-content\\\/uploads\\\/2017\\\/06\\\/Malaya-Balikbayan-logo.png\",\"width\":477,\"height\":90,\"caption\":\"Malaya Balikbayan\"},\"image\":{\"@id\":\"https:\\\/\\\/www.malaya-balikbayan.de\\\/en\\\/#\\\/schema\\\/logo\\\/image\\\/\"},\"sameAs\":[\"https:\\\/\\\/www.facebook.com\\\/malayabalikbayan\"]}]}<\/script>\n<!-- \/ Yoast SEO plugin. -->","yoast_head_json":{"title":"Terms & Conditions - Malaya Balikbayan","description":"Wir holen ihre Balikbayan Pakete zwischen Wien und Hamburg pers\u00f6nlich ab und bringen es sicher und zuverl\u00e4ssig an jedem Ort auf die Philippinen zu Ihren Liebsten nach Hause.","robots":{"index":"index","follow":"follow","max-snippet":"max-snippet:-1","max-image-preview":"max-image-preview:large","max-video-preview":"max-video-preview:-1"},"canonical":"https:\/\/www.malaya-balikbayan.de\/en\/agb\/","og_locale":"en_US","og_type":"article","og_title":"Terms & Conditions - Malaya Balikbayan","og_description":"Wir holen ihre Balikbayan Pakete zwischen Wien und Hamburg pers\u00f6nlich ab und bringen es sicher und zuverl\u00e4ssig an jedem Ort auf die Philippinen zu Ihren Liebsten nach Hause.","og_url":"https:\/\/www.malaya-balikbayan.de\/en\/agb\/","og_site_name":"Malaya Balikbayan","article_publisher":"https:\/\/www.facebook.com\/malayabalikbayan","article_modified_time":"2017-09-27T15:04:07+00:00","twitter_card":"summary_large_image","twitter_misc":{"Est. reading time":"3 minutes"},"schema":{"@context":"https:\/\/schema.org","@graph":[{"@type":"WebPage","@id":"https:\/\/www.malaya-balikbayan.de\/en\/agb\/","url":"https:\/\/www.malaya-balikbayan.de\/en\/agb\/","name":"Terms & Conditions - Malaya Balikbayan","isPartOf":{"@id":"https:\/\/www.malaya-balikbayan.de\/en\/#website"},"datePublished":"2017-05-17T11:59:41+00:00","dateModified":"2017-09-27T15:04:07+00:00","description":"Wir holen ihre Balikbayan Pakete zwischen Wien und Hamburg pers\u00f6nlich ab und bringen es sicher und zuverl\u00e4ssig an jedem Ort auf die Philippinen zu Ihren Liebsten nach Hause.","breadcrumb":{"@id":"https:\/\/www.malaya-balikbayan.de\/en\/agb\/#breadcrumb"},"inLanguage":"en-US","potentialAction":[{"@type":"ReadAction","target":["https:\/\/www.malaya-balikbayan.de\/en\/agb\/"]}]},{"@type":"BreadcrumbList","@id":"https:\/\/www.malaya-balikbayan.de\/en\/agb\/#breadcrumb","itemListElement":[{"@type":"ListItem","position":1,"name":"Home","item":"https:\/\/www.malaya-balikbayan.de\/en\/"},{"@type":"ListItem","position":2,"name":"Terms &#038; Conditions"}]},{"@type":"WebSite","@id":"https:\/\/www.malaya-balikbayan.de\/en\/#website","url":"https:\/\/www.malaya-balikbayan.de\/en\/","name":"Malaya Balikbayan","description":"ihr zuverl\u00e4ssiger &quot;T\u00fcr zu T\u00fcr&quot; Balikbayan Versand Service!","publisher":{"@id":"https:\/\/www.malaya-balikbayan.de\/en\/#organization"},"potentialAction":[{"@type":"SearchAction","target":{"@type":"EntryPoint","urlTemplate":"https:\/\/www.malaya-balikbayan.de\/en\/?s={search_term_string}"},"query-input":{"@type":"PropertyValueSpecification","valueRequired":true,"valueName":"search_term_string"}}],"inLanguage":"en-US"},{"@type":"Organization","@id":"https:\/\/www.malaya-balikbayan.de\/en\/#organization","name":"Malaya Balikbayan","url":"https:\/\/www.malaya-balikbayan.de\/en\/","logo":{"@type":"ImageObject","inLanguage":"en-US","@id":"https:\/\/www.malaya-balikbayan.de\/en\/#\/schema\/logo\/image\/","url":"https:\/\/www.malaya-balikbayan.de\/wp-content\/uploads\/2017\/06\/Malaya-Balikbayan-logo.png","contentUrl":"https:\/\/www.malaya-balikbayan.de\/wp-content\/uploads\/2017\/06\/Malaya-Balikbayan-logo.png","width":477,"height":90,"caption":"Malaya Balikbayan"},"image":{"@id":"https:\/\/www.malaya-balikbayan.de\/en\/#\/schema\/logo\/image\/"},"sameAs":["https:\/\/www.facebook.com\/malayabalikbayan"]}]}},"_links":{"self":[{"href":"https:\/\/www.malaya-balikbayan.de\/en\/wp-json\/wp\/v2\/pages\/1126","targetHints":{"allow":["GET"]}}],"collection":[{"href":"https:\/\/www.malaya-balikbayan.de\/en\/wp-json\/wp\/v2\/pages"}],"about":[{"href":"https:\/\/www.malaya-balikbayan.de\/en\/wp-json\/wp\/v2\/types\/page"}],"author":[{"embeddable":true,"href":"https:\/\/www.malaya-balikbayan.de\/en\/wp-json\/wp\/v2\/users\/1"}],"replies":[{"embeddable":true,"href":"https:\/\/www.malaya-balikbayan.de\/en\/wp-json\/wp\/v2\/comments?post=1126"}],"version-history":[{"count":1,"href":"https:\/\/www.malaya-balikbayan.de\/en\/wp-json\/wp\/v2\/pages\/1126\/revisions"}],"predecessor-version":[{"id":1127,"href":"https:\/\/www.malaya-balikbayan.de\/en\/wp-json\/wp\/v2\/pages\/1126\/revisions\/1127"}],"wp:attachment":[{"href":"https:\/\/www.malaya-balikbayan.de\/en\/wp-json\/wp\/v2\/media?parent=1126"}],"curies":[{"name":"wp","href":"https:\/\/api.w.org\/{rel}","templated":true}]}}