{"id":1130,"date":"2017-05-10T14:29:14","date_gmt":"2017-05-10T12:29:14","guid":{"rendered":"https:\/\/www.malaya-balikbayan.de\/impressum\/"},"modified":"2025-09-22T14:58:59","modified_gmt":"2025-09-22T12:58:59","slug":"impressum","status":"publish","type":"page","link":"https:\/\/www.malaya-balikbayan.de\/en\/impressum\/","title":{"rendered":"Imprint"},"content":{"rendered":"<div id='av_section_1'  class='avia-section av-av_section-31779286dc2676a8567fef3678c764df main_color avia-section-default avia-no-shadow  avia-builder-el-0  avia-builder-el-no-sibling  avia-bg-style-scroll container_wrap fullsize'  ><div class='container av-section-cont-open' ><main  role=\"main\" itemprop=\"mainContentOfPage\"  class='template-page content  av-content-full alpha units'><div class='post-entry post-entry-type-page post-entry-1130'><div class='entry-content-wrapper clearfix'>\n\n<style type=\"text\/css\" data-created_by=\"avia_inline_auto\" id=\"style-css-av-av_one_full-6126cab7d8fab8d08143dd2dacdf673c\">\n.flex_column.av-av_one_full-6126cab7d8fab8d08143dd2dacdf673c{\nborder-radius:0px 0px 0px 0px;\npadding:0px 0px 0px 0px;\n}\n<\/style>\n<div  class='flex_column av-av_one_full-6126cab7d8fab8d08143dd2dacdf673c av_one_full  avia-builder-el-1  el_before_av_hr  avia-builder-el-first  first flex_column_div av-zero-column-padding  '     ><section  class='av_textblock_section av-mfv4ue28-87515a6f8793cbad8c789e8d2561d2dd '   itemscope=\"itemscope\" itemtype=\"https:\/\/schema.org\/CreativeWork\" ><div class='avia_textblock'  itemprop=\"text\" ><h1>Imprint<\/h1>\n<h2>Angaben gem\u00e4\u00df \u00a7 5 TMG:<\/h2>\n<p>Duchil Malaya<br \/>\nPaketannahmestelle &amp; Annahme f\u00fcr Cargo und Container<br \/>\nEisackstr. 20<br \/>\n86165 Augsburg<\/p>\n<h2>Kontakt:<\/h2>\n<p>Telefon: +49 (0)179 2986691<br \/>\nE-Mail: malaya&#46;b&#97;&#108;&#105;&#107;&#98;&#97;&#121;&#97;&#110;&#64;&#x67;&#x6d;&#x78;&#x2e;&#x63;&#x6f;&#x6d;<\/p>\n<h2>Umsatzsteuer:<\/h2>\n<p>Umsatzsteuer-Identifikationsnummer gem\u00e4\u00df \u00a727 a Umsatzsteuergesetz:<br \/>\nDE294301984<\/p>\n<h2>Verbraucher\u00adstreit\u00adbeilegung\/Universal\u00adschlichtungs\u00adstelle<\/h2>\n<p>Wir sind nicht bereit oder verpflichtet, an Streitbeilegungsverfahren vor einer Verbraucherschlichtungsstelle teilzunehmen.<\/p>\n<h2 class=\"p1\">Bildnachweise:<\/h2>\n<p class=\"p3\"><span class=\"s1\">\u00a9 <span class=\"s2\">mandritoiu<\/span><\/span> <span class=\"s1\">&#8211; <span class=\"s4\">depositphotos.com<\/span><\/span><\/p>\n<p class=\"p4\">\u00a9 <span class=\"s4\">khoroshkov<\/span> &#8211; depositphotos.com<\/p>\n<p class=\"p3\"><span class=\"s1\">\u00a9 <span class=\"s2\">scanrail<\/span><\/span> <span class=\"s1\">&#8211; <span class=\"s4\">depositphotos.com<\/span><\/span><\/p>\n<p class=\"p3\"><span class=\"s1\">\u00a9 <span class=\"s4\">khunaspix<\/span> &#8211; <span class=\"s4\">depositphotos.com<\/span><\/span><\/p>\n<p class=\"p3\"><span class=\"s1\">\u00a9 <span class=\"s4\">Nightman1965<\/span> &#8211; <span class=\"s4\">depositphotos.com<\/span><\/span><\/p>\n<p class=\"p3\"><span class=\"s1\">\u00a9 <span class=\"s4\">anekoho<\/span> &#8211; <span class=\"s4\">depositphotos.com<\/span><\/span><\/p>\n<p class=\"p3\"><span class=\"s1\">\u00a9 <span class=\"s4\">nikolarakic<\/span> &#8211; <span class=\"s4\">Fotolia.com<\/span><\/span><\/p>\n<p class=\"p3\"><span class=\"s1\">\u00a9 <span class=\"s4\">frender<\/span> &#8211; <span class=\"s4\">Fotolia.com<\/span><\/span><\/p>\n<\/div><\/section><\/div><div  class='hr av-av_hr-dcd2069817a0e3d34ae04cad8f3443c7 hr-default  avia-builder-el-3  el_after_av_one_full  el_before_av_one_fourth '><span class='hr-inner '><span class=\"hr-inner-style\"><\/span><\/span><\/div>\n\n<style type=\"text\/css\" data-created_by=\"avia_inline_auto\" id=\"style-css-av-av_one_fourth-017f7cb46de161ea3fe8e8a15bf8af3e\">\n.flex_column.av-av_one_fourth-017f7cb46de161ea3fe8e8a15bf8af3e{\nborder-radius:0px 0px 0px 0px;\npadding:0px 0px 0px 0px;\n}\n<\/style>\n<div  class='flex_column av-av_one_fourth-017f7cb46de161ea3fe8e8a15bf8af3e av_one_fourth  avia-builder-el-4  el_after_av_hr  el_before_av_three_fourth  first no_margin flex_column_div av-zero-column-padding  '     ><style type=\"text\/css\" data-created_by=\"avia_inline_auto\" id=\"style-css-av-av_image-32cf10c21e6323a7334a445504813bc9\">\n.avia-image-container.av-av_image-32cf10c21e6323a7334a445504813bc9 img.avia_image{\nbox-shadow:none;\n}\n.avia-image-container.av-av_image-32cf10c21e6323a7334a445504813bc9 .av-image-caption-overlay-center{\ncolor:#ffffff;\n}\n<\/style>\n<div  class='avia-image-container av-av_image-32cf10c21e6323a7334a445504813bc9 av-styling-no-styling av-hover-grow avia-align-center  avia-builder-el-5  avia-builder-el-no-sibling  panda-logo'   itemprop=\"image\" itemscope=\"itemscope\" itemtype=\"https:\/\/schema.org\/ImageObject\" ><div class=\"avia-image-container-inner\"><div class=\"avia-image-overlay-wrap\"><img decoding=\"async\" fetchpriority=\"high\" class='wp-image-1002 avia-img-lazy-loading-not-1002 avia_image ' src=\"https:\/\/www.malaya-balikbayan.de\/wp-content\/uploads\/2017\/05\/pandavisuals_impressum.png\" alt='' title='Pandavisuals Impressum'  height=\"300\" width=\"300\"  itemprop=\"thumbnailUrl\" srcset=\"https:\/\/www.malaya-balikbayan.de\/wp-content\/uploads\/2017\/05\/pandavisuals_impressum.png 300w, https:\/\/www.malaya-balikbayan.de\/wp-content\/uploads\/2017\/05\/pandavisuals_impressum-80x80.png 80w, https:\/\/www.malaya-balikbayan.de\/wp-content\/uploads\/2017\/05\/pandavisuals_impressum-36x36.png 36w, https:\/\/www.malaya-balikbayan.de\/wp-content\/uploads\/2017\/05\/pandavisuals_impressum-180x180.png 180w, https:\/\/www.malaya-balikbayan.de\/wp-content\/uploads\/2017\/05\/pandavisuals_impressum-120x120.png 120w\" sizes=\"(max-width: 300px) 100vw, 300px\" \/><\/div><\/div><\/div><\/div>\n<style type=\"text\/css\" data-created_by=\"avia_inline_auto\" id=\"style-css-av-av_three_fourth-0aa7055fe62c3622faec82866afbaeb2\">\n.flex_column.av-av_three_fourth-0aa7055fe62c3622faec82866afbaeb2{\nborder-radius:0px 0px 0px 0px;\npadding:0px 0px 0px 0px;\n}\n<\/style>\n<div  class='flex_column av-av_three_fourth-0aa7055fe62c3622faec82866afbaeb2 av_three_fourth  avia-builder-el-6  el_after_av_one_fourth  avia-builder-el-last  no_margin flex_column_div av-zero-column-padding  '     ><section  class='av_textblock_section av-av_textblock-b65c1ed311b7e47e2ecedde1e10de292 '   itemscope=\"itemscope\" itemtype=\"https:\/\/schema.org\/CreativeWork\" ><div class='avia_textblock panda-text'  itemprop=\"text\" ><p><strong>Konzept, Design und Realisierung<\/strong><br \/>\npandavisuals<br \/>\nFr\u00f6lichstr. 10 1\/3<br \/>\n86150 Augsburg<br \/>\n<a href=\"&#109;&#x61;i&#x6c;&#x74;&#111;&#x3a;i&#110;&#x66;&#111;&#x40;p&#97;&#x6e;d&#x61;v&#105;&#x73;u&#x61;&#x6c;&#115;&#x2e;e&#117;\">&#105;&#x6e;&#102;&#x6f;&#64;&#x70;&#97;&#x6e;&#100;&#x61;&#118;&#x69;&#115;&#x75;&#97;&#x6c;&#115;&#x2e;&#101;&#x75;<\/a><br \/>\n<a href=\"http:\/\/www.pandavisuals.eu\/\" target=\"_blank\" rel=\"noopener\">www.pandavisuals.eu<\/a><br \/>\nTel.: 0821 \/ 50 47 825<\/p>\n<\/div><\/section><\/div>\n<div class=\"shariff shariff-align-left shariff-widget-align-left\"><ul class=\"shariff-buttons theme-round orientation-horizontal buttonsize-medium\"><li class=\"shariff-button facebook shariff-nocustomcolor\" style=\"background-color:#4273c8\"><a href=\"https:\/\/www.facebook.com\/sharer\/sharer.php?u=https%3A%2F%2Fwww.malaya-balikbayan.de%2Fen%2Fimpressum%2F\" title=\"Bei Facebook teilen\" aria-label=\"Bei Facebook teilen\" role=\"button\" rel=\"nofollow\" class=\"shariff-link\" style=\"; background-color:#3b5998; color:#fff\" target=\"_blank\"><span class=\"shariff-icon\" style=\"\"><svg width=\"32px\" height=\"20px\" xmlns=\"http:\/\/www.w3.org\/2000\/svg\" viewBox=\"0 0 18 32\"><path fill=\"#3b5998\" d=\"M17.1 0.2v4.7h-2.8q-1.5 0-2.1 0.6t-0.5 1.9v3.4h5.2l-0.7 5.3h-4.5v13.6h-5.5v-13.6h-4.5v-5.3h4.5v-3.9q0-3.3 1.9-5.2t5-1.8q2.6 0 4.1 0.2z\"\/><\/svg><\/span><\/a><\/li><li class=\"shariff-button twitter shariff-nocustomcolor\" style=\"background-color:#595959\"><a href=\"https:\/\/twitter.com\/share?url=https%3A%2F%2Fwww.malaya-balikbayan.de%2Fen%2Fimpressum%2F&text=Imprint\" title=\"Bei X teilen\" aria-label=\"Bei X teilen\" role=\"button\" rel=\"noopener nofollow\" class=\"shariff-link\" style=\"; background-color:#000; color:#fff\" target=\"_blank\"><span class=\"shariff-icon\" style=\"\"><svg width=\"32px\" height=\"20px\" xmlns=\"http:\/\/www.w3.org\/2000\/svg\" viewBox=\"0 0 24 24\"><path fill=\"#000\" d=\"M14.258 10.152L23.176 0h-2.113l-7.747 8.813L7.133 0H0l9.352 13.328L0 23.973h2.113l8.176-9.309 6.531 9.309h7.133zm-2.895 3.293l-.949-1.328L2.875 1.56h3.246l6.086 8.523.945 1.328 7.91 11.078h-3.246zm0 0\"\/><\/svg><\/span><\/a><\/li><li class=\"shariff-button whatsapp shariff-nocustomcolor\" style=\"background-color:#5cbe4a\"><a href=\"https:\/\/api.whatsapp.com\/send?text=https%3A%2F%2Fwww.malaya-balikbayan.de%2Fen%2Fimpressum%2F%20Imprint\" title=\"Bei Whatsapp teilen\" aria-label=\"Bei Whatsapp teilen\" role=\"button\" rel=\"noopener nofollow\" class=\"shariff-link\" style=\"; background-color:#34af23; color:#fff\" target=\"_blank\"><span class=\"shariff-icon\" style=\"\"><svg width=\"32px\" height=\"20px\" xmlns=\"http:\/\/www.w3.org\/2000\/svg\" viewBox=\"0 0 32 32\"><path fill=\"#34af23\" d=\"M17.6 17.4q0.2 0 1.7 0.8t1.6 0.9q0 0.1 0 0.3 0 0.6-0.3 1.4-0.3 0.7-1.3 1.2t-1.8 0.5q-1 0-3.4-1.1-1.7-0.8-3-2.1t-2.6-3.3q-1.3-1.9-1.3-3.5v-0.1q0.1-1.6 1.3-2.8 0.4-0.4 0.9-0.4 0.1 0 0.3 0t0.3 0q0.3 0 0.5 0.1t0.3 0.5q0.1 0.4 0.6 1.6t0.4 1.3q0 0.4-0.6 1t-0.6 0.8q0 0.1 0.1 0.3 0.6 1.3 1.8 2.4 1 0.9 2.7 1.8 0.2 0.1 0.4 0.1 0.3 0 1-0.9t0.9-0.9zM14 26.9q2.3 0 4.3-0.9t3.6-2.4 2.4-3.6 0.9-4.3-0.9-4.3-2.4-3.6-3.6-2.4-4.3-0.9-4.3 0.9-3.6 2.4-2.4 3.6-0.9 4.3q0 3.6 2.1 6.6l-1.4 4.2 4.3-1.4q2.8 1.9 6.2 1.9zM14 2.2q2.7 0 5.2 1.1t4.3 2.9 2.9 4.3 1.1 5.2-1.1 5.2-2.9 4.3-4.3 2.9-5.2 1.1q-3.5 0-6.5-1.7l-7.4 2.4 2.4-7.2q-1.9-3.2-1.9-6.9 0-2.7 1.1-5.2t2.9-4.3 4.3-2.9 5.2-1.1z\"\/><\/svg><\/span><\/a><\/li><\/ul><\/div>","protected":false},"excerpt":{"rendered":"","protected":false},"author":1,"featured_media":0,"parent":0,"menu_order":13,"comment_status":"closed","ping_status":"closed","template":"","meta":{"footnotes":""},"class_list":["post-1130","page","type-page","status-publish","hentry"],"yoast_head":"<!-- This site is optimized with the Yoast SEO plugin v27.5 - https:\/\/yoast.com\/product\/yoast-seo-wordpress\/ -->\n<title>Imprint - Malaya Balikbayan<\/title>\n<meta name=\"description\" content=\"Wir holen ihre Balikbayan Pakete zwischen Wien und Hamburg pers\u00f6nlich ab und bringen es sicher und zuverl\u00e4ssig an jedem Ort auf die Philippinen zu Ihren Liebsten nach Hause.\" \/>\n<meta name=\"robots\" content=\"index, follow, max-snippet:-1, max-image-preview:large, max-video-preview:-1\" \/>\n<link rel=\"canonical\" href=\"https:\/\/www.malaya-balikbayan.de\/en\/impressum\/\" \/>\n<meta property=\"og:locale\" content=\"en_US\" \/>\n<meta property=\"og:type\" content=\"article\" \/>\n<meta property=\"og:title\" content=\"Imprint - Malaya Balikbayan\" \/>\n<meta property=\"og:description\" content=\"Wir holen ihre Balikbayan Pakete zwischen Wien und Hamburg pers\u00f6nlich ab und bringen es sicher und zuverl\u00e4ssig an jedem Ort auf die Philippinen zu Ihren Liebsten nach Hause.\" \/>\n<meta property=\"og:url\" content=\"https:\/\/www.malaya-balikbayan.de\/en\/impressum\/\" \/>\n<meta property=\"og:site_name\" content=\"Malaya Balikbayan\" \/>\n<meta property=\"article:publisher\" content=\"https:\/\/www.facebook.com\/malayabalikbayan\" \/>\n<meta property=\"article:modified_time\" content=\"2025-09-22T12:58:59+00:00\" \/>\n<meta name=\"twitter:card\" content=\"summary_large_image\" \/>\n<meta name=\"twitter:label1\" content=\"Est. reading time\" \/>\n\t<meta name=\"twitter:data1\" content=\"1 minute\" \/>\n<script type=\"application\/ld+json\" class=\"yoast-schema-graph\">{\"@context\":\"https:\\\/\\\/schema.org\",\"@graph\":[{\"@type\":\"WebPage\",\"@id\":\"https:\\\/\\\/www.malaya-balikbayan.de\\\/en\\\/impressum\\\/\",\"url\":\"https:\\\/\\\/www.malaya-balikbayan.de\\\/en\\\/impressum\\\/\",\"name\":\"Imprint - Malaya Balikbayan\",\"isPartOf\":{\"@id\":\"https:\\\/\\\/www.malaya-balikbayan.de\\\/en\\\/#website\"},\"datePublished\":\"2017-05-10T12:29:14+00:00\",\"dateModified\":\"2025-09-22T12:58:59+00:00\",\"description\":\"Wir holen ihre Balikbayan Pakete zwischen Wien und Hamburg pers\u00f6nlich ab und bringen es sicher und zuverl\u00e4ssig an jedem Ort auf die Philippinen zu Ihren Liebsten nach Hause.\",\"breadcrumb\":{\"@id\":\"https:\\\/\\\/www.malaya-balikbayan.de\\\/en\\\/impressum\\\/#breadcrumb\"},\"inLanguage\":\"en-US\",\"potentialAction\":[{\"@type\":\"ReadAction\",\"target\":[\"https:\\\/\\\/www.malaya-balikbayan.de\\\/en\\\/impressum\\\/\"]}]},{\"@type\":\"BreadcrumbList\",\"@id\":\"https:\\\/\\\/www.malaya-balikbayan.de\\\/en\\\/impressum\\\/#breadcrumb\",\"itemListElement\":[{\"@type\":\"ListItem\",\"position\":1,\"name\":\"Home\",\"item\":\"https:\\\/\\\/www.malaya-balikbayan.de\\\/en\\\/\"},{\"@type\":\"ListItem\",\"position\":2,\"name\":\"Imprint\"}]},{\"@type\":\"WebSite\",\"@id\":\"https:\\\/\\\/www.malaya-balikbayan.de\\\/en\\\/#website\",\"url\":\"https:\\\/\\\/www.malaya-balikbayan.de\\\/en\\\/\",\"name\":\"Malaya Balikbayan\",\"description\":\"ihr zuverl\u00e4ssiger &quot;T\u00fcr zu T\u00fcr&quot; Balikbayan Versand Service!\",\"publisher\":{\"@id\":\"https:\\\/\\\/www.malaya-balikbayan.de\\\/en\\\/#organization\"},\"potentialAction\":[{\"@type\":\"SearchAction\",\"target\":{\"@type\":\"EntryPoint\",\"urlTemplate\":\"https:\\\/\\\/www.malaya-balikbayan.de\\\/en\\\/?s={search_term_string}\"},\"query-input\":{\"@type\":\"PropertyValueSpecification\",\"valueRequired\":true,\"valueName\":\"search_term_string\"}}],\"inLanguage\":\"en-US\"},{\"@type\":\"Organization\",\"@id\":\"https:\\\/\\\/www.malaya-balikbayan.de\\\/en\\\/#organization\",\"name\":\"Malaya Balikbayan\",\"url\":\"https:\\\/\\\/www.malaya-balikbayan.de\\\/en\\\/\",\"logo\":{\"@type\":\"ImageObject\",\"inLanguage\":\"en-US\",\"@id\":\"https:\\\/\\\/www.malaya-balikbayan.de\\\/en\\\/#\\\/schema\\\/logo\\\/image\\\/\",\"url\":\"https:\\\/\\\/www.malaya-balikbayan.de\\\/wp-content\\\/uploads\\\/2017\\\/06\\\/Malaya-Balikbayan-logo.png\",\"contentUrl\":\"https:\\\/\\\/www.malaya-balikbayan.de\\\/wp-content\\\/uploads\\\/2017\\\/06\\\/Malaya-Balikbayan-logo.png\",\"width\":477,\"height\":90,\"caption\":\"Malaya Balikbayan\"},\"image\":{\"@id\":\"https:\\\/\\\/www.malaya-balikbayan.de\\\/en\\\/#\\\/schema\\\/logo\\\/image\\\/\"},\"sameAs\":[\"https:\\\/\\\/www.facebook.com\\\/malayabalikbayan\"]}]}<\/script>\n<!-- \/ Yoast SEO plugin. -->","yoast_head_json":{"title":"Imprint - Malaya Balikbayan","description":"Wir holen ihre Balikbayan Pakete zwischen Wien und Hamburg pers\u00f6nlich ab und bringen es sicher und zuverl\u00e4ssig an jedem Ort auf die Philippinen zu Ihren Liebsten nach Hause.","robots":{"index":"index","follow":"follow","max-snippet":"max-snippet:-1","max-image-preview":"max-image-preview:large","max-video-preview":"max-video-preview:-1"},"canonical":"https:\/\/www.malaya-balikbayan.de\/en\/impressum\/","og_locale":"en_US","og_type":"article","og_title":"Imprint - Malaya Balikbayan","og_description":"Wir holen ihre Balikbayan Pakete zwischen Wien und Hamburg pers\u00f6nlich ab und bringen es sicher und zuverl\u00e4ssig an jedem Ort auf die Philippinen zu Ihren Liebsten nach Hause.","og_url":"https:\/\/www.malaya-balikbayan.de\/en\/impressum\/","og_site_name":"Malaya Balikbayan","article_publisher":"https:\/\/www.facebook.com\/malayabalikbayan","article_modified_time":"2025-09-22T12:58:59+00:00","twitter_card":"summary_large_image","twitter_misc":{"Est. reading time":"1 minute"},"schema":{"@context":"https:\/\/schema.org","@graph":[{"@type":"WebPage","@id":"https:\/\/www.malaya-balikbayan.de\/en\/impressum\/","url":"https:\/\/www.malaya-balikbayan.de\/en\/impressum\/","name":"Imprint - Malaya Balikbayan","isPartOf":{"@id":"https:\/\/www.malaya-balikbayan.de\/en\/#website"},"datePublished":"2017-05-10T12:29:14+00:00","dateModified":"2025-09-22T12:58:59+00:00","description":"Wir holen ihre Balikbayan Pakete zwischen Wien und Hamburg pers\u00f6nlich ab und bringen es sicher und zuverl\u00e4ssig an jedem Ort auf die Philippinen zu Ihren Liebsten nach Hause.","breadcrumb":{"@id":"https:\/\/www.malaya-balikbayan.de\/en\/impressum\/#breadcrumb"},"inLanguage":"en-US","potentialAction":[{"@type":"ReadAction","target":["https:\/\/www.malaya-balikbayan.de\/en\/impressum\/"]}]},{"@type":"BreadcrumbList","@id":"https:\/\/www.malaya-balikbayan.de\/en\/impressum\/#breadcrumb","itemListElement":[{"@type":"ListItem","position":1,"name":"Home","item":"https:\/\/www.malaya-balikbayan.de\/en\/"},{"@type":"ListItem","position":2,"name":"Imprint"}]},{"@type":"WebSite","@id":"https:\/\/www.malaya-balikbayan.de\/en\/#website","url":"https:\/\/www.malaya-balikbayan.de\/en\/","name":"Malaya Balikbayan","description":"ihr zuverl\u00e4ssiger &quot;T\u00fcr zu T\u00fcr&quot; Balikbayan Versand Service!","publisher":{"@id":"https:\/\/www.malaya-balikbayan.de\/en\/#organization"},"potentialAction":[{"@type":"SearchAction","target":{"@type":"EntryPoint","urlTemplate":"https:\/\/www.malaya-balikbayan.de\/en\/?s={search_term_string}"},"query-input":{"@type":"PropertyValueSpecification","valueRequired":true,"valueName":"search_term_string"}}],"inLanguage":"en-US"},{"@type":"Organization","@id":"https:\/\/www.malaya-balikbayan.de\/en\/#organization","name":"Malaya Balikbayan","url":"https:\/\/www.malaya-balikbayan.de\/en\/","logo":{"@type":"ImageObject","inLanguage":"en-US","@id":"https:\/\/www.malaya-balikbayan.de\/en\/#\/schema\/logo\/image\/","url":"https:\/\/www.malaya-balikbayan.de\/wp-content\/uploads\/2017\/06\/Malaya-Balikbayan-logo.png","contentUrl":"https:\/\/www.malaya-balikbayan.de\/wp-content\/uploads\/2017\/06\/Malaya-Balikbayan-logo.png","width":477,"height":90,"caption":"Malaya Balikbayan"},"image":{"@id":"https:\/\/www.malaya-balikbayan.de\/en\/#\/schema\/logo\/image\/"},"sameAs":["https:\/\/www.facebook.com\/malayabalikbayan"]}]}},"_links":{"self":[{"href":"https:\/\/www.malaya-balikbayan.de\/en\/wp-json\/wp\/v2\/pages\/1130","targetHints":{"allow":["GET"]}}],"collection":[{"href":"https:\/\/www.malaya-balikbayan.de\/en\/wp-json\/wp\/v2\/pages"}],"about":[{"href":"https:\/\/www.malaya-balikbayan.de\/en\/wp-json\/wp\/v2\/types\/page"}],"author":[{"embeddable":true,"href":"https:\/\/www.malaya-balikbayan.de\/en\/wp-json\/wp\/v2\/users\/1"}],"replies":[{"embeddable":true,"href":"https:\/\/www.malaya-balikbayan.de\/en\/wp-json\/wp\/v2\/comments?post=1130"}],"version-history":[{"count":4,"href":"https:\/\/www.malaya-balikbayan.de\/en\/wp-json\/wp\/v2\/pages\/1130\/revisions"}],"predecessor-version":[{"id":1860,"href":"https:\/\/www.malaya-balikbayan.de\/en\/wp-json\/wp\/v2\/pages\/1130\/revisions\/1860"}],"wp:attachment":[{"href":"https:\/\/www.malaya-balikbayan.de\/en\/wp-json\/wp\/v2\/media?parent=1130"}],"curies":[{"name":"wp","href":"https:\/\/api.w.org\/{rel}","templated":true}]}}