{"id":1470,"date":"2017-05-15T11:34:20","date_gmt":"2017-05-15T09:34:20","guid":{"rendered":"https:\/\/www.malaya-balikbayan.de\/abholtermine-und-versandtermine\/"},"modified":"2023-10-11T16:44:38","modified_gmt":"2023-10-11T14:44:38","slug":"pick-up-and-shipping-schedules-2","status":"publish","type":"page","link":"https:\/\/www.malaya-balikbayan.de\/en\/pick-up-and-shipping-schedules-2\/","title":{"rendered":"Pick-up and Shipping Schedules"},"content":{"rendered":"\n<style type=\"text\/css\" data-created_by=\"avia_inline_auto\" id=\"style-css-av-av_one_full-15d750bd1b332b34c6e70b077ebbccdf\">\n.flex_column.av-av_one_full-15d750bd1b332b34c6e70b077ebbccdf{\nborder-radius:0px 0px 0px 0px;\npadding:0px 0px 0px 0px;\n}\n<\/style>\n<div  class='flex_column av-av_one_full-15d750bd1b332b34c6e70b077ebbccdf av_one_full  avia-builder-el-0  el_before_av_one_full  avia-builder-el-first  first flex_column_div av-zero-column-padding  '     ><p>\n<style type=\"text\/css\" data-created_by=\"avia_inline_auto\" id=\"style-css-av-av_heading-f396f8c98ba01550a5e5f13d818db96e\">\n#top .av-special-heading.av-av_heading-f396f8c98ba01550a5e5f13d818db96e{\npadding-bottom:10px;\n}\nbody .av-special-heading.av-av_heading-f396f8c98ba01550a5e5f13d818db96e .av-special-heading-tag .heading-char{\nfont-size:25px;\n}\n.av-special-heading.av-av_heading-f396f8c98ba01550a5e5f13d818db96e .av-subheading{\nfont-size:15px;\n}\n<\/style>\n<div  class='av-special-heading av-av_heading-f396f8c98ba01550a5e5f13d818db96e av-special-heading-h2 blockquote modern-quote modern-centered  avia-builder-el-1  el_before_av_hr  avia-builder-el-first '><h2 class='av-special-heading-tag '  itemprop=\"headline\"  >Pickup Schedule<\/h2><div class=\"special-heading-border\"><div class=\"special-heading-inner-border\"><\/div><\/div><\/div><br \/>\n<div  class='hr av-av_hr-d3e956e659807e0430cc7042c9a93333 hr-short  avia-builder-el-2  el_after_av_heading  el_before_av_table  hr-center'><span class='hr-inner '><span class=\"hr-inner-style\"><\/span><\/span><\/div><br \/>\n<div class='avia-data-table-wrap av-av_table-50e186637ed9ed16c605214627a3a44d avia_responsive_table avia-table-1'><table  class='avia-table avia-data-table avia_pricing_default  avia-builder-el-3  el_after_av_hr  el_before_av_textblock '  itemscope=\"itemscope\" itemtype=\"https:\/\/schema.org\/Table\" ><tbody><tr class='avia-heading-row'><th class=''>Month<\/th><th class=''>Cities and areas<\/th><th class=''>Dates<\/th><\/tr><\/tbody><\/table><\/div><style type='text\/css'>.avia-table-1 td:nth-of-type(1):before { content: 'Month'; } .avia-table-1 td:nth-of-type(2):before { content: 'Cities and areas'; } .avia-table-1 td:nth-of-type(3):before { content: 'Dates'; } <\/style><br \/>\n<section  class='av_textblock_section av-av_textblock-2bd894dbf2e4bf2c4acf98ce4fbf94aa '   itemscope=\"itemscope\" itemtype=\"https:\/\/schema.org\/CreativeWork\" ><div class='avia_textblock'  itemprop=\"text\" ><p class=\"p1\" style=\"text-align: center;\">For other cities and nearby areas not mentioned above, PICK UP will be scheduled thru calls and messages<\/p>\n<p class=\"p1\" style=\"text-align: center;\">For details and INFORMATIONS and INQUIRIES Please CALL \/ TEXT<br \/>\n<img loading=\"lazy\" decoding=\"async\" class=\"alignnone size-full wp-image-859\" src=\"https:\/\/www.malaya-balikbayan.de\/wp-content\/uploads\/2017\/06\/1496418242_flag_germany.png\" alt=\"\" width=\"16\" height=\"16\" \/>\u00a0Germany Tel: +49 (0)821 716515 | Mobil: +49 (0)179 298 66 91<br \/>\n<img loading=\"lazy\" decoding=\"async\" class=\"alignnone size-full wp-image-858\" src=\"https:\/\/www.malaya-balikbayan.de\/wp-content\/uploads\/2017\/06\/1496418196_flag_austria.png\" alt=\"\" width=\"16\" height=\"16\" \/>\u00a0Austria Mobil: +43 (0)676 939 15 20 for your PICK UP SCHEDULE<\/p>\n<\/div><\/section><br \/>\n\n<style type=\"text\/css\" data-created_by=\"avia_inline_auto\" id=\"style-css-av-av_heading-3d9347ab62a1b3e57224d52b52edc946\">\n#top .av-special-heading.av-av_heading-3d9347ab62a1b3e57224d52b52edc946{\npadding-bottom:10px;\n}\nbody .av-special-heading.av-av_heading-3d9347ab62a1b3e57224d52b52edc946 .av-special-heading-tag .heading-char{\nfont-size:25px;\n}\n.av-special-heading.av-av_heading-3d9347ab62a1b3e57224d52b52edc946 .av-subheading{\nfont-size:15px;\n}\n<\/style>\n<div  class='av-special-heading av-av_heading-3d9347ab62a1b3e57224d52b52edc946 av-special-heading-h2 blockquote modern-quote modern-centered  avia-builder-el-5  el_after_av_textblock  avia-builder-el-last '><h2 class='av-special-heading-tag '  itemprop=\"headline\"  >Shipping Schedule<\/h2><div class=\"special-heading-border\"><div class=\"special-heading-inner-border\"><\/div><\/div><\/div><\/p><\/div>\n<style type=\"text\/css\" data-created_by=\"avia_inline_auto\" id=\"style-css-av-av_one_full-6126cab7d8fab8d08143dd2dacdf673c\">\n.flex_column.av-av_one_full-6126cab7d8fab8d08143dd2dacdf673c{\nborder-radius:0px 0px 0px 0px;\npadding:0px 0px 0px 0px;\n}\n<\/style>\n<div  class='flex_column av-av_one_full-6126cab7d8fab8d08143dd2dacdf673c av_one_full  avia-builder-el-6  el_after_av_one_full  avia-builder-el-last  first flex_column_div av-zero-column-padding  column-top-margin'     ><p><div class='avia-data-table-wrap av-av_table-19d9b75dd53c13bc402b267a8a9b6e61 avia_responsive_table av-desktop-hide av-medium-hide av-small-hide av-mini-hide avia-table-2'><table  class='avia-table avia-data-table avia_pricing_default  avia-builder-el-7  el_before_av_table  avia-builder-el-first '  itemscope=\"itemscope\" itemtype=\"https:\/\/schema.org\/Table\" ><tbody><tr class='avia-heading-row'><th class=''>Pick Up till<\/th><th class=''>Shipping<\/th><th class=''>Status<\/th><th class=''>Notes<\/th><\/tr><tr class=''><td class=''>13.3.2018<\/td><td class=''>26.3.2018<\/td><td class=''>Delivered<\/td><td class=''>Port of Manila<\/td><\/tr><tr class=''><td class=''>22.05.2018<\/td><td class=''>10.06.2018<\/td><td class=''>Delivered<\/td><td class=''>Port of Manila<\/td><\/tr><tr class=''><td class=''>29.07.2018<\/td><td class=''>10.08.2018<\/td><td class=''>Delivered<\/td><td class=''>Port of Manila<\/td><\/tr><tr class=''><td class=''>01.09.2018 &#8211; 23.09.2018<\/td><td class=''>10.10.2018 <\/td><td class=''>Delivered<\/td><td class=''>Port of Manila <\/td><\/tr><tr class=''><td class=''>10.10.2018 &#8211; 31.11.2018<\/td><td class=''>09.12.2018<\/td><td class=''>Delivered<\/td><td class=''>Port of Manila <\/td><\/tr><tr class=''><td class=''>15.12.2018-15.02.2019<\/td><td class=''>29.01.2019<\/td><td class=''>Delivered<\/td><td class=''>Port of Manila<\/td><\/tr><tr class=''><td class=''>01.2.2019-15.02.2019<\/td><td class=''>28.03.2019<\/td><td class=''>Delivered<\/td><td class=''>Port of Manila<\/td><\/tr><tr class=''><td class=''>01.05.2019-26.05.2019<\/td><td class=''>13.06.2019<\/td><td class=''>Delivered<\/td><td class=''>Port of Manila<\/td><\/tr><tr class=''><td class=''>01.06.2019-26.07.2019<\/td><td class=''>09.08.2019<\/td><td class=''>Delivered<\/td><td class=''>Port of Manila<\/td><\/tr><tr class=''><td class=''>15.07.2019-31.08.2019<\/td><td class=''>27.09.2019<\/td><td class=''>Delivered<\/td><td class=''>Port of Cebu<\/td><\/tr><tr class=''><td class=''>31.08.2019-12.10.2019<\/td><td class=''>29.10.2019<\/td><td class=''>Delivered<\/td><td class=''>Port of Manila<\/td><\/tr><tr class=''><td class=''>12.10.2019-30.11.2019<\/td><td class=''>12.12.2019<\/td><td class=''>Delivered<\/td><td class=''>Port of Manila<\/td><\/tr><tr class=''><td class=''>13.12.2019-31.1.2020<\/td><td class=''> 9.02.2020<\/td><td class=''>Delivered<\/td><td class=''>Port of Manila<\/td><\/tr><tr class=''><td class=''>March and May pick up was unfortunately canceled due to Covid-19 by the shipping company worldwide and postponed to 13.6.2020 (June shipping).<\/td><td class=''>13.6.2020<\/td><td class=''>Unfortunately the delivery is currently taking more time than usual due to Covid-19.<\/td><td class=''>Port of Manila<br \/>\n<\/td><\/tr><tr class=''><td class=''>June and July<\/td><td class=''>18.8.2020<\/td><td class=''>On the way<\/td><td class=''>Port of Manila<br \/>\n<\/td><\/tr><tr class=''><td class=''>Last pick up approx. 15 days before shipment or container loading. Please inquire about the exact pick-up date by phone or email or follow us on Facebook<\/td><td class=''>18.8.2020<\/td><td class=''>Pick-Up<\/td><td class=''>Port of Manila<br \/>\n<\/td><\/tr><tr class=''><td class=''>Last pick up approx. 15 days before shipment or container loading. Please inquire about the exact pick-up date by phone or email or follow us on Facebook<\/td><td class=''>26.10.2020<\/td><td class=''>Pick-Up<\/td><td class=''>Port of Manila<br \/>\n<\/td><\/tr><tr class=''><td class=''>Last pick up approx. 15 days before shipment or container loading. Please inquire about the exact pick-up date by phone or email or follow us on Facebook<\/td><td class=''>15.11.2020<\/td><td class=''>Pick-Up<br \/>\n<span style=\"color: red;\">Will be shipped on 15.12 because of the Covid-19 lockdown. <\/span><\/td><td class=''>Port of Manila<br \/>\n<\/td><\/tr><tr class=''><td class=''>Last pick up approx. 15 days before shipment or container loading. Please inquire about the exact pick-up date by phone or email or follow us on Facebook<\/td><td class=''>15.12.2020<\/td><td class=''>Pick-Up<\/td><td class=''>Port of Manila<br \/>\n<\/td><\/tr><\/tbody><\/table><\/div><style type='text\/css'>.avia-table-2 td:nth-of-type(1):before { content: 'Pick Up till'; } .avia-table-2 td:nth-of-type(2):before { content: 'Shipping'; } .avia-table-2 td:nth-of-type(3):before { content: 'Status'; } .avia-table-2 td:nth-of-type(4):before { content: 'Notes'; } <\/style><br \/>\n<div class='avia-data-table-wrap av-av_table-d468729fa8178f72f522a624be40de2c avia_responsive_table avia-table-3'><table  class='avia-table avia-data-table avia_pricing_default  avia-builder-el-8  el_after_av_table  avia-builder-el-last '  itemscope=\"itemscope\" itemtype=\"https:\/\/schema.org\/Table\" ><tbody><tr class='avia-heading-row'><th class=''>Pick Up till<\/th><th class=''>Shipping<\/th><th class=''>Status<\/th><th class=''>Notes<\/th><\/tr><tr class=''><td class=''>completed<\/td><td class=''>M\u00e4rz<\/td><td class=''>loading<\/td><td class=''>Port of Manila<br \/>\n<\/td><\/tr><tr class=''><td class=''>completed<\/td><td class=''>April<\/td><td class=''>loading<\/td><td class=''>Port of Manila<br \/>\n<\/td><\/tr><tr class=''><td class=''>completed<\/td><td class=''>June<\/td><td class=''>loading<\/td><td class=''>Port of Manila<\/td><\/tr><\/tbody><\/table><\/div><style type='text\/css'>.avia-table-3 td:nth-of-type(1):before { content: 'Pick Up till'; } .avia-table-3 td:nth-of-type(2):before { content: 'Shipping'; } .avia-table-3 td:nth-of-type(3):before { content: 'Status'; } .avia-table-3 td:nth-of-type(4):before { content: 'Notes'; } <\/style><\/p><\/div><\/p>\n<div class=\"shariff shariff-align-flex-start shariff-widget-align-flex-start\"><ul class=\"shariff-buttons theme-round orientation-horizontal buttonsize-medium\"><li class=\"shariff-button facebook shariff-nocustomcolor\" style=\"background-color:#4273c8\"><a href=\"https:\/\/www.facebook.com\/sharer\/sharer.php?u=https%3A%2F%2Fwww.malaya-balikbayan.de%2Fen%2Fpick-up-and-shipping-schedules-2%2F\" title=\"Bei Facebook teilen\" aria-label=\"Bei Facebook teilen\" role=\"button\" rel=\"nofollow\" class=\"shariff-link\" style=\"; background-color:#3b5998; color:#fff\" target=\"_blank\"><span class=\"shariff-icon\" style=\"\"><svg width=\"32px\" height=\"20px\" xmlns=\"http:\/\/www.w3.org\/2000\/svg\" viewBox=\"0 0 18 32\"><path fill=\"#3b5998\" d=\"M17.1 0.2v4.7h-2.8q-1.5 0-2.1 0.6t-0.5 1.9v3.4h5.2l-0.7 5.3h-4.5v13.6h-5.5v-13.6h-4.5v-5.3h4.5v-3.9q0-3.3 1.9-5.2t5-1.8q2.6 0 4.1 0.2z\"\/><\/svg><\/span><\/a><\/li><li class=\"shariff-button twitter shariff-nocustomcolor\" style=\"background-color:#595959\"><a href=\"https:\/\/twitter.com\/share?url=https%3A%2F%2Fwww.malaya-balikbayan.de%2Fen%2Fpick-up-and-shipping-schedules-2%2F&text=Pick-up%20and%20Shipping%20Schedules\" title=\"Bei X teilen\" aria-label=\"Bei X teilen\" role=\"button\" rel=\"noopener nofollow\" class=\"shariff-link\" style=\"; background-color:#000; color:#fff\" target=\"_blank\"><span class=\"shariff-icon\" style=\"\"><svg width=\"32px\" height=\"20px\" xmlns=\"http:\/\/www.w3.org\/2000\/svg\" viewBox=\"0 0 24 24\"><path fill=\"#000\" d=\"M14.258 10.152L23.176 0h-2.113l-7.747 8.813L7.133 0H0l9.352 13.328L0 23.973h2.113l8.176-9.309 6.531 9.309h7.133zm-2.895 3.293l-.949-1.328L2.875 1.56h3.246l6.086 8.523.945 1.328 7.91 11.078h-3.246zm0 0\"\/><\/svg><\/span><\/a><\/li><li class=\"shariff-button whatsapp shariff-nocustomcolor\" style=\"background-color:#5cbe4a\"><a href=\"https:\/\/api.whatsapp.com\/send?text=https%3A%2F%2Fwww.malaya-balikbayan.de%2Fen%2Fpick-up-and-shipping-schedules-2%2F%20Pick-up%20and%20Shipping%20Schedules\" title=\"Bei Whatsapp teilen\" aria-label=\"Bei Whatsapp teilen\" role=\"button\" rel=\"noopener nofollow\" class=\"shariff-link\" style=\"; background-color:#34af23; color:#fff\" target=\"_blank\"><span class=\"shariff-icon\" style=\"\"><svg width=\"32px\" height=\"20px\" xmlns=\"http:\/\/www.w3.org\/2000\/svg\" viewBox=\"0 0 32 32\"><path fill=\"#34af23\" d=\"M17.6 17.4q0.2 0 1.7 0.8t1.6 0.9q0 0.1 0 0.3 0 0.6-0.3 1.4-0.3 0.7-1.3 1.2t-1.8 0.5q-1 0-3.4-1.1-1.7-0.8-3-2.1t-2.6-3.3q-1.3-1.9-1.3-3.5v-0.1q0.1-1.6 1.3-2.8 0.4-0.4 0.9-0.4 0.1 0 0.3 0t0.3 0q0.3 0 0.5 0.1t0.3 0.5q0.1 0.4 0.6 1.6t0.4 1.3q0 0.4-0.6 1t-0.6 0.8q0 0.1 0.1 0.3 0.6 1.3 1.8 2.4 1 0.9 2.7 1.8 0.2 0.1 0.4 0.1 0.3 0 1-0.9t0.9-0.9zM14 26.9q2.3 0 4.3-0.9t3.6-2.4 2.4-3.6 0.9-4.3-0.9-4.3-2.4-3.6-3.6-2.4-4.3-0.9-4.3 0.9-3.6 2.4-2.4 3.6-0.9 4.3q0 3.6 2.1 6.6l-1.4 4.2 4.3-1.4q2.8 1.9 6.2 1.9zM14 2.2q2.7 0 5.2 1.1t4.3 2.9 2.9 4.3 1.1 5.2-1.1 5.2-2.9 4.3-4.3 2.9-5.2 1.1q-3.5 0-6.5-1.7l-7.4 2.4 2.4-7.2q-1.9-3.2-1.9-6.9 0-2.7 1.1-5.2t2.9-4.3 4.3-2.9 5.2-1.1z\"\/><\/svg><\/span><\/a><\/li><\/ul><\/div>","protected":false},"excerpt":{"rendered":"","protected":false},"author":1,"featured_media":0,"parent":0,"menu_order":8,"comment_status":"closed","ping_status":"closed","template":"","meta":{"footnotes":""},"class_list":["post-1470","page","type-page","status-publish","hentry"],"yoast_head":"<!-- This site is optimized with the Yoast SEO plugin v27.3 - https:\/\/yoast.com\/product\/yoast-seo-wordpress\/ -->\n<title>Pick-up and Shipping Schedules - Malaya Balikbayan<\/title>\n<meta name=\"description\" content=\"Wir holen ihre Balikbayan Pakete zwischen Wien und Hamburg pers\u00f6nlich ab und bringen es sicher und zuverl\u00e4ssig an jedem Ort auf die Philippinen zu Ihren Liebsten nach Hause.\" \/>\n<meta name=\"robots\" content=\"index, follow, max-snippet:-1, max-image-preview:large, max-video-preview:-1\" \/>\n<link rel=\"canonical\" href=\"https:\/\/www.malaya-balikbayan.de\/en\/pick-up-and-shipping-schedules-2\/\" \/>\n<meta property=\"og:locale\" content=\"en_US\" \/>\n<meta property=\"og:type\" content=\"article\" \/>\n<meta property=\"og:title\" content=\"Pick-up and Shipping Schedules - Malaya Balikbayan\" \/>\n<meta property=\"og:description\" content=\"Wir holen ihre Balikbayan Pakete zwischen Wien und Hamburg pers\u00f6nlich ab und bringen es sicher und zuverl\u00e4ssig an jedem Ort auf die Philippinen zu Ihren Liebsten nach Hause.\" \/>\n<meta property=\"og:url\" content=\"https:\/\/www.malaya-balikbayan.de\/en\/pick-up-and-shipping-schedules-2\/\" \/>\n<meta property=\"og:site_name\" content=\"Malaya Balikbayan\" \/>\n<meta property=\"article:publisher\" content=\"https:\/\/www.facebook.com\/malayabalikbayan\" \/>\n<meta property=\"article:modified_time\" content=\"2023-10-11T14:44:38+00:00\" \/>\n<meta property=\"og:image\" content=\"https:\/\/www.malaya-balikbayan.de\/wp-content\/uploads\/2017\/06\/1496418242_flag_germany.png\" \/>\n<meta name=\"twitter:card\" content=\"summary_large_image\" \/>\n<meta name=\"twitter:label1\" content=\"Est. reading time\" \/>\n\t<meta name=\"twitter:data1\" content=\"5 minutes\" \/>\n<script type=\"application\/ld+json\" class=\"yoast-schema-graph\">{\"@context\":\"https:\\\/\\\/schema.org\",\"@graph\":[{\"@type\":\"WebPage\",\"@id\":\"https:\\\/\\\/www.malaya-balikbayan.de\\\/en\\\/pick-up-and-shipping-schedules-2\\\/\",\"url\":\"https:\\\/\\\/www.malaya-balikbayan.de\\\/en\\\/pick-up-and-shipping-schedules-2\\\/\",\"name\":\"Pick-up and Shipping Schedules - Malaya Balikbayan\",\"isPartOf\":{\"@id\":\"https:\\\/\\\/www.malaya-balikbayan.de\\\/en\\\/#website\"},\"primaryImageOfPage\":{\"@id\":\"https:\\\/\\\/www.malaya-balikbayan.de\\\/en\\\/pick-up-and-shipping-schedules-2\\\/#primaryimage\"},\"image\":{\"@id\":\"https:\\\/\\\/www.malaya-balikbayan.de\\\/en\\\/pick-up-and-shipping-schedules-2\\\/#primaryimage\"},\"thumbnailUrl\":\"https:\\\/\\\/www.malaya-balikbayan.de\\\/wp-content\\\/uploads\\\/2017\\\/06\\\/1496418242_flag_germany.png\",\"datePublished\":\"2017-05-15T09:34:20+00:00\",\"dateModified\":\"2023-10-11T14:44:38+00:00\",\"description\":\"Wir holen ihre Balikbayan Pakete zwischen Wien und Hamburg pers\u00f6nlich ab und bringen es sicher und zuverl\u00e4ssig an jedem Ort auf die Philippinen zu Ihren Liebsten nach Hause.\",\"breadcrumb\":{\"@id\":\"https:\\\/\\\/www.malaya-balikbayan.de\\\/en\\\/pick-up-and-shipping-schedules-2\\\/#breadcrumb\"},\"inLanguage\":\"en-US\",\"potentialAction\":[{\"@type\":\"ReadAction\",\"target\":[\"https:\\\/\\\/www.malaya-balikbayan.de\\\/en\\\/pick-up-and-shipping-schedules-2\\\/\"]}]},{\"@type\":\"ImageObject\",\"inLanguage\":\"en-US\",\"@id\":\"https:\\\/\\\/www.malaya-balikbayan.de\\\/en\\\/pick-up-and-shipping-schedules-2\\\/#primaryimage\",\"url\":\"https:\\\/\\\/www.malaya-balikbayan.de\\\/wp-content\\\/uploads\\\/2017\\\/06\\\/1496418242_flag_germany.png\",\"contentUrl\":\"https:\\\/\\\/www.malaya-balikbayan.de\\\/wp-content\\\/uploads\\\/2017\\\/06\\\/1496418242_flag_germany.png\"},{\"@type\":\"BreadcrumbList\",\"@id\":\"https:\\\/\\\/www.malaya-balikbayan.de\\\/en\\\/pick-up-and-shipping-schedules-2\\\/#breadcrumb\",\"itemListElement\":[{\"@type\":\"ListItem\",\"position\":1,\"name\":\"Home\",\"item\":\"https:\\\/\\\/www.malaya-balikbayan.de\\\/en\\\/\"},{\"@type\":\"ListItem\",\"position\":2,\"name\":\"Pick-up and Shipping Schedules\"}]},{\"@type\":\"WebSite\",\"@id\":\"https:\\\/\\\/www.malaya-balikbayan.de\\\/en\\\/#website\",\"url\":\"https:\\\/\\\/www.malaya-balikbayan.de\\\/en\\\/\",\"name\":\"Malaya Balikbayan\",\"description\":\"ihr zuverl\u00e4ssiger &quot;T\u00fcr zu T\u00fcr&quot; Balikbayan Versand Service!\",\"publisher\":{\"@id\":\"https:\\\/\\\/www.malaya-balikbayan.de\\\/en\\\/#organization\"},\"potentialAction\":[{\"@type\":\"SearchAction\",\"target\":{\"@type\":\"EntryPoint\",\"urlTemplate\":\"https:\\\/\\\/www.malaya-balikbayan.de\\\/en\\\/?s={search_term_string}\"},\"query-input\":{\"@type\":\"PropertyValueSpecification\",\"valueRequired\":true,\"valueName\":\"search_term_string\"}}],\"inLanguage\":\"en-US\"},{\"@type\":\"Organization\",\"@id\":\"https:\\\/\\\/www.malaya-balikbayan.de\\\/en\\\/#organization\",\"name\":\"Malaya Balikbayan\",\"url\":\"https:\\\/\\\/www.malaya-balikbayan.de\\\/en\\\/\",\"logo\":{\"@type\":\"ImageObject\",\"inLanguage\":\"en-US\",\"@id\":\"https:\\\/\\\/www.malaya-balikbayan.de\\\/en\\\/#\\\/schema\\\/logo\\\/image\\\/\",\"url\":\"https:\\\/\\\/www.malaya-balikbayan.de\\\/wp-content\\\/uploads\\\/2017\\\/06\\\/Malaya-Balikbayan-logo.png\",\"contentUrl\":\"https:\\\/\\\/www.malaya-balikbayan.de\\\/wp-content\\\/uploads\\\/2017\\\/06\\\/Malaya-Balikbayan-logo.png\",\"width\":477,\"height\":90,\"caption\":\"Malaya Balikbayan\"},\"image\":{\"@id\":\"https:\\\/\\\/www.malaya-balikbayan.de\\\/en\\\/#\\\/schema\\\/logo\\\/image\\\/\"},\"sameAs\":[\"https:\\\/\\\/www.facebook.com\\\/malayabalikbayan\"]}]}<\/script>\n<!-- \/ Yoast SEO plugin. -->","yoast_head_json":{"title":"Pick-up and Shipping Schedules - Malaya Balikbayan","description":"Wir holen ihre Balikbayan Pakete zwischen Wien und Hamburg pers\u00f6nlich ab und bringen es sicher und zuverl\u00e4ssig an jedem Ort auf die Philippinen zu Ihren Liebsten nach Hause.","robots":{"index":"index","follow":"follow","max-snippet":"max-snippet:-1","max-image-preview":"max-image-preview:large","max-video-preview":"max-video-preview:-1"},"canonical":"https:\/\/www.malaya-balikbayan.de\/en\/pick-up-and-shipping-schedules-2\/","og_locale":"en_US","og_type":"article","og_title":"Pick-up and Shipping Schedules - Malaya Balikbayan","og_description":"Wir holen ihre Balikbayan Pakete zwischen Wien und Hamburg pers\u00f6nlich ab und bringen es sicher und zuverl\u00e4ssig an jedem Ort auf die Philippinen zu Ihren Liebsten nach Hause.","og_url":"https:\/\/www.malaya-balikbayan.de\/en\/pick-up-and-shipping-schedules-2\/","og_site_name":"Malaya Balikbayan","article_publisher":"https:\/\/www.facebook.com\/malayabalikbayan","article_modified_time":"2023-10-11T14:44:38+00:00","og_image":[{"url":"https:\/\/www.malaya-balikbayan.de\/wp-content\/uploads\/2017\/06\/1496418242_flag_germany.png","type":"","width":"","height":""}],"twitter_card":"summary_large_image","twitter_misc":{"Est. reading time":"5 minutes"},"schema":{"@context":"https:\/\/schema.org","@graph":[{"@type":"WebPage","@id":"https:\/\/www.malaya-balikbayan.de\/en\/pick-up-and-shipping-schedules-2\/","url":"https:\/\/www.malaya-balikbayan.de\/en\/pick-up-and-shipping-schedules-2\/","name":"Pick-up and Shipping Schedules - Malaya Balikbayan","isPartOf":{"@id":"https:\/\/www.malaya-balikbayan.de\/en\/#website"},"primaryImageOfPage":{"@id":"https:\/\/www.malaya-balikbayan.de\/en\/pick-up-and-shipping-schedules-2\/#primaryimage"},"image":{"@id":"https:\/\/www.malaya-balikbayan.de\/en\/pick-up-and-shipping-schedules-2\/#primaryimage"},"thumbnailUrl":"https:\/\/www.malaya-balikbayan.de\/wp-content\/uploads\/2017\/06\/1496418242_flag_germany.png","datePublished":"2017-05-15T09:34:20+00:00","dateModified":"2023-10-11T14:44:38+00:00","description":"Wir holen ihre Balikbayan Pakete zwischen Wien und Hamburg pers\u00f6nlich ab und bringen es sicher und zuverl\u00e4ssig an jedem Ort auf die Philippinen zu Ihren Liebsten nach Hause.","breadcrumb":{"@id":"https:\/\/www.malaya-balikbayan.de\/en\/pick-up-and-shipping-schedules-2\/#breadcrumb"},"inLanguage":"en-US","potentialAction":[{"@type":"ReadAction","target":["https:\/\/www.malaya-balikbayan.de\/en\/pick-up-and-shipping-schedules-2\/"]}]},{"@type":"ImageObject","inLanguage":"en-US","@id":"https:\/\/www.malaya-balikbayan.de\/en\/pick-up-and-shipping-schedules-2\/#primaryimage","url":"https:\/\/www.malaya-balikbayan.de\/wp-content\/uploads\/2017\/06\/1496418242_flag_germany.png","contentUrl":"https:\/\/www.malaya-balikbayan.de\/wp-content\/uploads\/2017\/06\/1496418242_flag_germany.png"},{"@type":"BreadcrumbList","@id":"https:\/\/www.malaya-balikbayan.de\/en\/pick-up-and-shipping-schedules-2\/#breadcrumb","itemListElement":[{"@type":"ListItem","position":1,"name":"Home","item":"https:\/\/www.malaya-balikbayan.de\/en\/"},{"@type":"ListItem","position":2,"name":"Pick-up and Shipping Schedules"}]},{"@type":"WebSite","@id":"https:\/\/www.malaya-balikbayan.de\/en\/#website","url":"https:\/\/www.malaya-balikbayan.de\/en\/","name":"Malaya Balikbayan","description":"ihr zuverl\u00e4ssiger &quot;T\u00fcr zu T\u00fcr&quot; Balikbayan Versand Service!","publisher":{"@id":"https:\/\/www.malaya-balikbayan.de\/en\/#organization"},"potentialAction":[{"@type":"SearchAction","target":{"@type":"EntryPoint","urlTemplate":"https:\/\/www.malaya-balikbayan.de\/en\/?s={search_term_string}"},"query-input":{"@type":"PropertyValueSpecification","valueRequired":true,"valueName":"search_term_string"}}],"inLanguage":"en-US"},{"@type":"Organization","@id":"https:\/\/www.malaya-balikbayan.de\/en\/#organization","name":"Malaya Balikbayan","url":"https:\/\/www.malaya-balikbayan.de\/en\/","logo":{"@type":"ImageObject","inLanguage":"en-US","@id":"https:\/\/www.malaya-balikbayan.de\/en\/#\/schema\/logo\/image\/","url":"https:\/\/www.malaya-balikbayan.de\/wp-content\/uploads\/2017\/06\/Malaya-Balikbayan-logo.png","contentUrl":"https:\/\/www.malaya-balikbayan.de\/wp-content\/uploads\/2017\/06\/Malaya-Balikbayan-logo.png","width":477,"height":90,"caption":"Malaya Balikbayan"},"image":{"@id":"https:\/\/www.malaya-balikbayan.de\/en\/#\/schema\/logo\/image\/"},"sameAs":["https:\/\/www.facebook.com\/malayabalikbayan"]}]}},"_links":{"self":[{"href":"https:\/\/www.malaya-balikbayan.de\/en\/wp-json\/wp\/v2\/pages\/1470","targetHints":{"allow":["GET"]}}],"collection":[{"href":"https:\/\/www.malaya-balikbayan.de\/en\/wp-json\/wp\/v2\/pages"}],"about":[{"href":"https:\/\/www.malaya-balikbayan.de\/en\/wp-json\/wp\/v2\/types\/page"}],"author":[{"embeddable":true,"href":"https:\/\/www.malaya-balikbayan.de\/en\/wp-json\/wp\/v2\/users\/1"}],"replies":[{"embeddable":true,"href":"https:\/\/www.malaya-balikbayan.de\/en\/wp-json\/wp\/v2\/comments?post=1470"}],"version-history":[{"count":39,"href":"https:\/\/www.malaya-balikbayan.de\/en\/wp-json\/wp\/v2\/pages\/1470\/revisions"}],"predecessor-version":[{"id":1786,"href":"https:\/\/www.malaya-balikbayan.de\/en\/wp-json\/wp\/v2\/pages\/1470\/revisions\/1786"}],"wp:attachment":[{"href":"https:\/\/www.malaya-balikbayan.de\/en\/wp-json\/wp\/v2\/media?parent=1470"}],"curies":[{"name":"wp","href":"https:\/\/api.w.org\/{rel}","templated":true}]}}